{"id":75191,"date":"2016-06-22T13:42:54","date_gmt":"2016-06-22T13:42:54","guid":{"rendered":"http:\/\/elpinguifermi.com\/es\/?page_id=75191"},"modified":"2025-02-03T13:49:12","modified_gmt":"2025-02-03T12:49:12","slug":"servicio-de-canguro-para-ninos-y-bebes","status":"publish","type":"page","link":"https:\/\/elpinguifermi.com\/es\/servicios\/servicio-de-canguro-para-ninos-y-bebes\/","title":{"rendered":"CANGUROS A DOMICILIO"},"content":{"rendered":"<p>[vc_row][vc_column el_class=\u00bbtxt-center\u00bb][vc_empty_space height=\u00bb70px\u00bb][vc_column_text]<\/p>\n<h1 style=\"text-align: center;\">SERVICIO DE CANGURO PARA NI\u00d1OS Y BEB\u00c9S<\/h1>\n<p>[\/vc_column_text][vc_empty_space height=\u00bb20px\u00bb][vc_column_text]<\/p>\n<p style=\"text-align: center;\">En El Ping\u00fc\u00ed Ferm\u00ed, te ofrecemos una amplia gama de <strong>servicios de canguros para ni\u00f1os y beb\u00e9s<\/strong>, dise\u00f1ados para satisfacer tus necesidades espec\u00edficas.<\/p>\n<p style=\"text-align: center;\">Nuestros canguros son altamente capacitados y cuentan con amplia experiencia en el <strong>cuidado de ni\u00f1os y beb\u00e9s<\/strong>. Desde la alimentaci\u00f3n hasta los juegos y actividades, nuestros <strong>canguros para ni\u00f1os y beb\u00e9s<\/strong> est\u00e1n preparados para cuidar de tus hijos mientras t\u00fa est\u00e1s fuera, garantiz\u00e1ndote la tranquilidad y seguridad que necesitas.<\/p>\n<div id=\"gtx-trans\" style=\"position: absolute; left: 356px; top: 102px;\">\n<div class=\"gtx-trans-icon\"><\/div>\n<\/div>\n<p>[\/vc_column_text][vc_btn title=\u00bbSolicita M\u00e1s Informaci\u00f3n\u00bb size=\u00bblg\u00bb align=\u00bbcenter\u00bb link=\u00bburl:%23form_contacto_1||\u00bb css=\u00bb.vc_custom_1713872230969{margin-top: 2% !important;margin-bottom: 2% !important;}\u00bb][\/vc_column][\/vc_row][vc_row css=\u00bb.vc_custom_1466594088379{background-color: rgba(255,235,59,0.13) !important;*background-color: rgb(255,235,59) !important;}\u00bb][vc_column el_class=\u00bbtxt-center\u00bb][vc_empty_space height=\u00bb60px\u00bb][vc_custom_heading text=\u00bbLas principales funciones de nuestros profesionales en servicio de canguro para ni\u00f1os o beb\u00e9s son:\u00bb el_class=\u00bbheading-title-2&#8243;][vc_empty_space height=\u00bb50px\u00bb][vc_row_inner][vc_column_inner width=\u00bb1\/6&#8243;][vc_icon icon_fontawesome=\u00bbfa fa-home\u00bb color=\u00bbcustom\u00bb size=\u00bbxl\u00bb align=\u00bbcenter\u00bb css_animation=\u00bbbottom-to-top\u00bb custom_color=\u00bb#ffe437&#8243;][vc_column_text css_animation=\u00bbbottom-to-top\u00bb el_class=\u00bbicon-caption\u00bb]<\/p>\n<p id=\"tw-target-text\" class=\"tw-data-text tw-text-large tw-ta\" dir=\"ltr\" data-placeholder=\"Traducci\u00f3n\"><span class=\"Y2IQFc\" lang=\"es\"><strong>Servicio de canguro<\/strong> con atenci\u00f3n y cuidado del beb\u00e9 o ni\u00f1o.<\/span><\/p>\n<p>[\/vc_column_text][\/vc_column_inner][vc_column_inner width=\u00bb1\/6&#8243;][vc_icon icon_fontawesome=\u00bbfa fa-child\u00bb color=\u00bbcustom\u00bb size=\u00bbxl\u00bb align=\u00bbcenter\u00bb css_animation=\u00bbbottom-to-top\u00bb custom_color=\u00bb#ffe437&#8243;][vc_column_text css_animation=\u00bbbottom-to-top\u00bb el_class=\u00bbicon-caption\u00bb]<strong>Servicio de canguro para ni\u00f1os y beb\u00e9s<\/strong> y ayuda en las tareas dom\u00e9sticas.[\/vc_column_text][\/vc_column_inner][vc_column_inner width=\u00bb1\/6&#8243;][vc_icon icon_fontawesome=\u00bbfa fa-tint\u00bb color=\u00bbcustom\u00bb size=\u00bbxl\u00bb align=\u00bbcenter\u00bb css_animation=\u00bbbottom-to-top\u00bb custom_color=\u00bb#ffe437&#8243;][vc_column_text css_animation=\u00bbbottom-to-top\u00bb el_class=\u00bbicon-caption\u00bb]<\/p>\n<p id=\"tw-target-text\" class=\"tw-data-text tw-text-large tw-ta\" dir=\"ltr\" data-placeholder=\"Traducci\u00f3n\"><span class=\"Y2IQFc\" lang=\"es\"><strong>Servicio de canguro para ni\u00f1os y beb\u00e9s<\/strong> con aseo e higiene personal.<\/span><\/p>\n<p>[\/vc_column_text][\/vc_column_inner][vc_column_inner width=\u00bb1\/6&#8243;][vc_icon icon_fontawesome=\u00bbfa fa-cutlery\u00bb color=\u00bbcustom\u00bb size=\u00bbxl\u00bb align=\u00bbcenter\u00bb css_animation=\u00bbbottom-to-top\u00bb custom_color=\u00bb#ffe437&#8243;][vc_column_text css_animation=\u00bbbottom-to-top\u00bb el_class=\u00bbicon-caption\u00bb]<\/p>\n<p id=\"tw-target-text\" class=\"tw-data-text tw-text-large tw-ta\" dir=\"ltr\" data-placeholder=\"Traducci\u00f3n\"><span class=\"Y2IQFc\" lang=\"es\"><strong>Servicio de canguro para ni\u00f1os y beb\u00e9s<\/strong> con control de alimentaci\u00f3n.<\/span><\/p>\n<p>[\/vc_column_text][\/vc_column_inner][vc_column_inner width=\u00bb1\/6&#8243;][vc_icon icon_fontawesome=\u00bbfa fa-pencil-square-o\u00bb color=\u00bbcustom\u00bb size=\u00bbxl\u00bb align=\u00bbcenter\u00bb css_animation=\u00bbbottom-to-top\u00bb custom_color=\u00bb#ffe437&#8243;][vc_column_text css_animation=\u00bbbottom-to-top\u00bb]<\/p>\n<div id=\"tw-target-text-container\" class=\"tw-ta-container F0azHf tw-nfl\" tabindex=\"0\">\n<p id=\"tw-target-text\" class=\"tw-data-text tw-text-large tw-ta\" dir=\"ltr\" data-placeholder=\"Traducci\u00f3n\"><span class=\"Y2IQFc\" lang=\"es\"><strong>Servicio de canguro para ni\u00f1os y beb\u00e9s<\/strong> con acompa\u00f1amiento escolar y extraescolar.<\/span><\/p>\n<\/div>\n<p>[\/vc_column_text][\/vc_column_inner][vc_column_inner width=\u00bb1\/6&#8243;][vc_icon icon_fontawesome=\u00bbfa fa-book\u00bb color=\u00bbcustom\u00bb size=\u00bbxl\u00bb align=\u00bbcenter\u00bb css_animation=\u00bbbottom-to-top\u00bb custom_color=\u00bb#ffe437&#8243;][vc_column_text css_animation=\u00bbbottom-to-top\u00bb]<\/p>\n<div id=\"tw-target-text-container\" class=\"tw-ta-container F0azHf tw-nfl\" tabindex=\"0\">\n<p><span class=\"Y2IQFc\" lang=\"es\"><strong>Servicio de canguro para ni\u00f1os y beb\u00e9s<\/strong> con ayuda y atenci\u00f3n para realizar deberes y otras tareas.<\/span><\/p>\n<\/div>\n<p>[\/vc_column_text][\/vc_column_inner][\/vc_row_inner][vc_empty_space height=\u00bb72px\u00bb][\/vc_column][\/vc_row][vc_row][vc_column width=\u00bb1\/2&#8243;][vc_empty_space height=\u00bb72px\u00bb][vc_column_text]<\/p>\n<h2>SERVICIOS DE CANGUROS PARA BEB\u00c9S<\/h2>\n<p style=\"text-align: justify;\">Los <strong>servicios de canguros para ni\u00f1os y beb\u00e9s<\/strong> son ideales para padres que necesitan un cuidado puntual o regular para sus hijos. Ya sea para asistir a una reuni\u00f3n de trabajo, hacer las compras o simplemente tomar un tiempo libre para ti mismo, nuestros canguros est\u00e1n disponibles para adaptarse a tus necesidades de horarios y cuidado.<\/p>\n<p style=\"text-align: justify;\">En El Ping\u00fc\u00ed Ferm\u00ed, entendemos que cada familia es \u00fanica y tiene necesidades diferentes. Es por eso que ofrecemos una variedad de s<strong>ervicios de canguros<\/strong> personalizados para adaptarse a tus necesidades espec\u00edficas. Si buscas un <strong>servicio de canguro para beb\u00e9s<\/strong> de confianza para una ocasi\u00f3n especial, tenemos el servicio adecuado para ti. Si necesitas un canguro a tiempo parcial o completo, tambi\u00e9n te ofrecemos opciones que se ajustan a tu presupuesto.<\/p>\n<p style=\"text-align: justify;\">Adem\u00e1s de nuestros <strong>servicios de canguros para ni\u00f1os y beb\u00e9s<\/strong>, tambi\u00e9n ofrecemos <strong>servicios de ni\u00f1era en casa<\/strong>. Si prefieres que el cuidado de tus hijos se realice en tu hogar, nuestros servicios de ni\u00f1era son la opci\u00f3n perfecta para ti. Nuestros ni\u00f1eros est\u00e1n altamente capacitados y cuentan con amplia experiencia en el <strong>cuidado de ni\u00f1os<\/strong> de todas las edades, desde beb\u00e9s hasta adolescentes.<\/p>\n<div id=\"gtx-trans\" style=\"position: absolute; left: 242px; top: 441.812px;\">\n<div class=\"gtx-trans-icon\"><\/div>\n<\/div>\n<p>[\/vc_column_text][\/vc_column][vc_column width=\u00bb1\/2&#8243;][vc_empty_space height=\u00bb72px\u00bb][vc_single_image image=\u00bb76020&#8243; img_size=\u00bb555-494&#8243;][\/vc_column][\/vc_row][vc_row][vc_column width=\u00bb1\/2&#8243;][vc_empty_space height=\u00bb72px\u00bb][vc_single_image image=\u00bb76019&#8243; img_size=\u00bb555X494&#8243;][\/vc_column][vc_column width=\u00bb1\/2&#8243;][vc_empty_space height=\u00bb72px\u00bb][vc_column_text]<\/p>\n<h2>SERVICIOS DE CANGUROS PARA NI\u00d1OS<\/h2>\n<p style=\"text-align: justify;\">En El Ping\u00fc\u00ed Ferm\u00ed, la seguridad de tus hijos es nuestra m\u00e1xima prioridad. Todos nuestros canguros y ni\u00f1eros son sometidos a un riguroso proceso de selecci\u00f3n para garantizar su confiabilidad y responsabilidad en el cuidado de tus hijos. Adem\u00e1s, nuestros <strong>servicios de canguros y ni\u00f1eras<\/strong> est\u00e1n respaldados por un seguro de responsabilidad civil para tu tranquilidad y seguridad.<\/p>\n<p style=\"text-align: justify;\">Si est\u00e1s buscando<strong> servicios de canguros para ni\u00f1os y beb\u00e9s<\/strong> en tu \u00e1rea, no busques m\u00e1s. En El Ping\u00fc\u00ed Ferm\u00ed, te ofrecemos<strong> canguros para su hijo <\/strong>altamente confiables y de calidad para garantizar el bienestar y la felicidad de tus hijos.<\/p>\n<p style=\"text-align: justify;\">Nuestros <strong>servicios de canguros para ni\u00f1os<\/strong> est\u00e1n disponibles en toda la zona de Barcelona y sus alrededores, para que puedas encontrar un cuidado de calidad cerca de tu hogar. Nos enorgullece ofrecer un servicio de calidad y personalizado para cada una de nuestras familias, y es por eso que trabajamos de la mano con los padres para entender sus necesidades y ofrecer un servicio a medida.<\/p>\n<p>[\/vc_column_text][\/vc_column][\/vc_row][vc_row][vc_column][vc_empty_space height=\u00bb50px\u00bb][vc_column_text]<\/p>\n<p style=\"text-align: center;\">En El Ping\u00fc\u00ed Ferm\u00ed, entendemos lo dif\u00edcil que puede ser confiar en alguien para cuidar de tus hijos, y es por eso que nos aseguramos de ofrecerte un servicio de confianza y calidad. Todos nuestros<strong> canguros y ni\u00f1eras<\/strong> son profesionales cuidadosamente seleccionados y entrevistados, es posible, si lo desea, que se les realice una verificaci\u00f3n de antecedentes para garantizar su idoneidad y seguridad. Adem\u00e1s, pod\u00e9is pedir que nuestros cuidadores cuenten con una formaci\u00f3n espec\u00edfica en primeros auxilios y cuidado de ni\u00f1os para garantizar su bienestar en todo momento.<\/p>\n<p style=\"text-align: center;\">Cont\u00e1ctanos hoy mismo para conocer m\u00e1s sobre nuestros servicios de <strong>canguro para ni\u00f1os<\/strong> y c\u00f3mo podemos ayudarte a cuidar de lo que m\u00e1s quieres.<\/p>\n<p>[\/vc_column_text][vc_empty_space height=\u00bb70px\u00bb][\/vc_column][\/vc_row][vc_row full_width=\u00bb\u00bb content_placement=\u00bb\u00bb parallax=\u00bb\u00bb css=\u00bb.vc_custom_1713872243014{background-color: rgba(255,235,59,0.13) !important;*background-color: rgb(255,235,59) !important;}\u00bb el_class=\u00bbbg-yellow\u00bb el_id=\u00bbform_contacto_1&#8243;][vc_column width=\u00bb1\/2&#8243;][vc_empty_space height=\u00bb70px\u00bb][vc_custom_heading text=\u00bbC\u00f3mo solicitar nuestros servicios de canguros para ni\u00f1os o beb\u00e9s:\u00bb el_class=\u00bbheading-title-3&#8243;][vc_column_text]<\/p>\n<div id=\"tw-target-text-container\" class=\"tw-ta-container F0azHf tw-nfl\" tabindex=\"0\">\n<p id=\"tw-target-text\" class=\"tw-data-text tw-text-large tw-ta\" dir=\"ltr\" style=\"text-align: left;\" data-placeholder=\"Traducci\u00f3n\"><span class=\"Y2IQFc\" lang=\"es\">A trav\u00e9s de nuestro tel\u00e9fono: 93.357.27.24,<\/span><\/p>\n<p class=\"tw-data-text tw-text-large tw-ta\" dir=\"ltr\" style=\"text-align: left;\" data-placeholder=\"Traducci\u00f3n\"><span class=\"Y2IQFc\" lang=\"es\">correo electr\u00f3nico: manim@elpinguifermi.com<\/span><\/p>\n<p class=\"tw-data-text tw-text-large tw-ta\" dir=\"ltr\" style=\"text-align: left;\" data-placeholder=\"Traducci\u00f3n\"><span class=\"Y2IQFc\" lang=\"es\">o mediante el formulario de la derecha.<\/span><\/p>\n<\/div>\n<div class=\"iYB33c\">\n<div id=\"tw-tmenu\" class=\"tw-menu\" style=\"text-align: left;\"><\/div>\n<\/div>\n<p>[\/vc_column_text][vc_empty_space height=\u00bb62px\u00bb][vc_custom_heading text=\u00bbModalidades de Contrataci\u00f3n\u00bb el_class=\u00bbheading-title-3&#8243;][vc_column_text]<\/p>\n<ul>\n<li>Servicio fijo.<\/li>\n<li>Por horas.<\/li>\n<li><span style=\"font-size: inherit;\">Noches y fin de semana.<\/span><\/li>\n<\/ul>\n<p><span style=\"font-size: inherit;\">Tambien ofrecemos atenci\u00f3n psicol\u00f3gica infantil domiciliaria de car\u00e1cter semanal o mensual.[\/vc_column_text][vc_empty_space height=\u00bb70px\u00bb][\/vc_column][vc_column width=\u00bb1\/2&#8243;][vc_empty_space height=\u00bb70px\u00bb]\n<div class=\"wpcf7 no-js\" id=\"wpcf7-f75147-o1\" lang=\"en-US\" dir=\"ltr\" data-wpcf7-id=\"75147\">\n<div class=\"screen-reader-response\"><p role=\"status\" aria-live=\"polite\" aria-atomic=\"true\"><\/p> <ul><\/ul><\/div>\n<form action=\"\/es\/wp-json\/wp\/v2\/pages\/75191#wpcf7-f75147-o1\" method=\"post\" class=\"wpcf7-form init\" aria-label=\"Contact form\" novalidate=\"novalidate\" data-status=\"init\">\n<fieldset class=\"hidden-fields-container\"><input type=\"hidden\" name=\"_wpcf7\" value=\"75147\" \/><input type=\"hidden\" name=\"_wpcf7_version\" value=\"6.1.5\" \/><input type=\"hidden\" name=\"_wpcf7_locale\" value=\"en_US\" \/><input type=\"hidden\" name=\"_wpcf7_unit_tag\" value=\"wpcf7-f75147-o1\" \/><input type=\"hidden\" name=\"_wpcf7_container_post\" value=\"0\" \/><input type=\"hidden\" name=\"_wpcf7_posted_data_hash\" value=\"\" \/><input type=\"hidden\" name=\"_wpcf7_recaptcha_response\" value=\"\" \/>\n<\/fieldset>\n<div class=\"row\">\n\t<div class=\"col-md-12\">\n\t\t<p><span class=\"wpcf7-form-control-wrap\" data-name=\"your-name\"><input size=\"40\" maxlength=\"400\" class=\"wpcf7-form-control wpcf7-text wpcf7-validates-as-required\" aria-required=\"true\" aria-invalid=\"false\" placeholder=\"Nombre y Apellidos*\" value=\"\" type=\"text\" name=\"your-name\" \/><\/span>\n\t\t<\/p>\n\t<\/div>\n\t<div class=\"col-md-12\">\n\t\t<p><span class=\"wpcf7-form-control-wrap\" data-name=\"your-email\"><input size=\"40\" maxlength=\"400\" class=\"wpcf7-form-control wpcf7-email wpcf7-validates-as-required wpcf7-text wpcf7-validates-as-email\" aria-required=\"true\" aria-invalid=\"false\" placeholder=\"E-mail de contacto*\" value=\"\" type=\"email\" name=\"your-email\" \/><\/span>\n\t\t<\/p>\n\t<\/div>\n\t<div class=\"col-md-12\">\n\t\t<p><span class=\"wpcf7-form-control-wrap\" data-name=\"your-phone\"><input size=\"40\" maxlength=\"400\" class=\"wpcf7-form-control wpcf7-text\" aria-invalid=\"false\" placeholder=\"Tel\u00e9fono de contacto\" value=\"\" type=\"text\" name=\"your-phone\" \/><\/span>\n\t\t<\/p>\n\t<\/div>\n\t<div class=\"col-md-12\">\n\t\t<p><span class=\"wpcf7-form-control-wrap\" data-name=\"servei\"><select class=\"wpcf7-form-control wpcf7-select wpcf7-validates-as-required\" aria-required=\"true\" aria-invalid=\"false\" name=\"servei\"><option value=\"Selecciona un servicio*\">Selecciona un servicio*<\/option><option value=\"SERVICIOS DE ATENCI\u00d3N A LA GENTE MAYOR\">SERVICIOS DE ATENCI\u00d3N A LA GENTE MAYOR<\/option><option value=\"SERVICIOS DE LIMPIEZA A PARTICULARES\">SERVICIOS DE LIMPIEZA A PARTICULARES<\/option><option value=\"SERVICIOS DE CANGUROS PARA NI\u00d1OS O BEB\u00c9S\">SERVICIOS DE CANGUROS PARA NI\u00d1OS O BEB\u00c9S<\/option><\/select><\/span>\n\t\t<\/p>\n\t<\/div>\n\t<div class=\"col-md-12\">\n\t\t<p><span class=\"wpcf7-form-control-wrap\" data-name=\"your-message\"><textarea cols=\"40\" rows=\"10\" maxlength=\"2000\" class=\"wpcf7-form-control wpcf7-textarea\" aria-invalid=\"false\" placeholder=\"Descripci\u00f3n del Servicio\" name=\"your-message\"><\/textarea><\/span>\n\t\t<\/p>\n\t<\/div>\n\t<div class=\"col-md-12\">\n\t\t<p><input class=\"wpcf7-form-control wpcf7-submit has-spinner\" type=\"submit\" value=\"Enviar\" \/>\n\t\t<\/p>\n\t<\/div>\n<\/div><div class=\"wpcf7-response-output\" aria-hidden=\"true\"><\/div>\n<\/form>\n<\/div>\n[vc_empty_space height=\u00bb70px\u00bb][\/vc_column][\/vc_row][vc_row][vc_column][\/vc_column][\/vc_row][vc_row][vc_column][vc_column_text]<\/span>[\/vc_column_text][\/vc_column][\/vc_row]<\/p>\n","protected":false},"excerpt":{"rendered":"<p>[vc_row][vc_column el_class=\u00bbtxt-center\u00bb][vc_empty_space height=\u00bb70px\u00bb][vc_column_text] SERVICIO DE CANGURO PARA NI\u00d1OS Y BEB\u00c9S [\/vc_column_text][vc_empty_space height=\u00bb20px\u00bb][vc_column_text] En El Ping\u00fc\u00ed Ferm\u00ed, te ofrecemos una amplia gama de servicios de canguros para ni\u00f1os y beb\u00e9s, dise\u00f1ados para satisfacer tus necesidades espec\u00edficas. Nuestros canguros son altamente capacitados y cuentan con amplia experiencia en el cuidado de ni\u00f1os y beb\u00e9s. Desde la alimentaci\u00f3n [&hellip;]<\/p>\n","protected":false},"author":1,"featured_media":0,"parent":75113,"menu_order":0,"comment_status":"closed","ping_status":"closed","template":"","meta":{"footnotes":""},"class_list":["post-75191","page","type-page","status-publish","hentry"],"yoast_head":"<!-- This site is optimized with the Yoast SEO plugin v27.4 - https:\/\/yoast.com\/product\/yoast-seo-wordpress\/ -->\n<title>SERVICIO DE CANGURO PARA NI\u00d1OS Y BEB\u00c9S - El Ping\u00fc\u00ed Ferm\u00ed<\/title>\n<meta name=\"description\" content=\"Queremos facilitar la conciliaci\u00f3n de la vida familiar y laboral con el servicio de canguro para ni\u00f1os y beb\u00e9s con experiencia\" \/>\n<meta name=\"robots\" content=\"index, follow, max-snippet:-1, max-image-preview:large, max-video-preview:-1\" \/>\n<link rel=\"canonical\" href=\"https:\/\/elpinguifermi.com\/es\/servicios\/servicio-de-canguro-para-ninos-y-bebes\/\" \/>\n<meta property=\"og:locale\" content=\"es_ES\" \/>\n<meta property=\"og:type\" content=\"article\" \/>\n<meta property=\"og:title\" content=\"SERVICIO DE CANGURO PARA NI\u00d1OS Y BEB\u00c9S - El Ping\u00fc\u00ed Ferm\u00ed\" \/>\n<meta property=\"og:description\" content=\"Queremos facilitar la conciliaci\u00f3n de la vida familiar y laboral con el servicio de canguro para ni\u00f1os y beb\u00e9s con experiencia\" \/>\n<meta property=\"og:url\" content=\"https:\/\/elpinguifermi.com\/es\/servicios\/servicio-de-canguro-para-ninos-y-bebes\/\" \/>\n<meta property=\"og:site_name\" content=\"El Ping\u00fc\u00ed Ferm\u00ed\" \/>\n<meta property=\"article:publisher\" content=\"https:\/\/es-es.facebook.com\/elpinguifermi\/\" \/>\n<meta property=\"article:modified_time\" content=\"2025-02-03T12:49:12+00:00\" \/>\n<meta name=\"twitter:card\" content=\"summary_large_image\" \/>\n<meta name=\"twitter:label1\" content=\"Tiempo de lectura\" \/>\n\t<meta name=\"twitter:data1\" content=\"5 minutos\" \/>\n<script type=\"application\/ld+json\" class=\"yoast-schema-graph\">{\"@context\":\"https:\\\/\\\/schema.org\",\"@graph\":[{\"@type\":\"WebPage\",\"@id\":\"https:\\\/\\\/elpinguifermi.com\\\/es\\\/servicios\\\/servicio-de-canguro-para-ninos-y-bebes\\\/\",\"url\":\"https:\\\/\\\/elpinguifermi.com\\\/es\\\/servicios\\\/servicio-de-canguro-para-ninos-y-bebes\\\/\",\"name\":\"SERVICIO DE CANGURO PARA NI\u00d1OS Y BEB\u00c9S - El Ping\u00fc\u00ed Ferm\u00ed\",\"isPartOf\":{\"@id\":\"https:\\\/\\\/elpinguifermi.com\\\/#website\"},\"datePublished\":\"2016-06-22T13:42:54+00:00\",\"dateModified\":\"2025-02-03T12:49:12+00:00\",\"description\":\"Queremos facilitar la conciliaci\u00f3n de la vida familiar y laboral con el servicio de canguro para ni\u00f1os y beb\u00e9s con experiencia\",\"breadcrumb\":{\"@id\":\"https:\\\/\\\/elpinguifermi.com\\\/es\\\/servicios\\\/servicio-de-canguro-para-ninos-y-bebes\\\/#breadcrumb\"},\"inLanguage\":\"es\",\"potentialAction\":[{\"@type\":\"ReadAction\",\"target\":[\"https:\\\/\\\/elpinguifermi.com\\\/es\\\/servicios\\\/servicio-de-canguro-para-ninos-y-bebes\\\/\"]}]},{\"@type\":\"BreadcrumbList\",\"@id\":\"https:\\\/\\\/elpinguifermi.com\\\/es\\\/servicios\\\/servicio-de-canguro-para-ninos-y-bebes\\\/#breadcrumb\",\"itemListElement\":[{\"@type\":\"ListItem\",\"position\":1,\"name\":\"Inici\",\"item\":\"https:\\\/\\\/elpinguifermi.com\\\/es\\\/\"},{\"@type\":\"ListItem\",\"position\":2,\"name\":\"SERVICIOS\",\"item\":\"https:\\\/\\\/elpinguifermi.com\\\/es\\\/servicios\\\/\"},{\"@type\":\"ListItem\",\"position\":3,\"name\":\"CANGUROS A DOMICILIO\"}]},{\"@type\":\"WebSite\",\"@id\":\"https:\\\/\\\/elpinguifermi.com\\\/#website\",\"url\":\"https:\\\/\\\/elpinguifermi.com\\\/\",\"name\":\"El Ping\u00fc\u00ed Ferm\u00ed\",\"description\":\"Cuidado de personas mayores en Barcelona\",\"publisher\":{\"@id\":\"https:\\\/\\\/elpinguifermi.com\\\/#organization\"},\"potentialAction\":[{\"@type\":\"SearchAction\",\"target\":{\"@type\":\"EntryPoint\",\"urlTemplate\":\"https:\\\/\\\/elpinguifermi.com\\\/?s={search_term_string}\"},\"query-input\":{\"@type\":\"PropertyValueSpecification\",\"valueRequired\":true,\"valueName\":\"search_term_string\"}}],\"inLanguage\":\"es\"},{\"@type\":\"Organization\",\"@id\":\"https:\\\/\\\/elpinguifermi.com\\\/#organization\",\"name\":\"El Ping\u00fc\u00ed Ferm\u00ed\",\"url\":\"https:\\\/\\\/elpinguifermi.com\\\/\",\"logo\":{\"@type\":\"ImageObject\",\"inLanguage\":\"es\",\"@id\":\"https:\\\/\\\/elpinguifermi.com\\\/#\\\/schema\\\/logo\\\/image\\\/\",\"url\":\"https:\\\/\\\/elpinguifermi.com\\\/wp-content\\\/uploads\\\/2017\\\/04\\\/534422_259454884142056_1906262910_n-1.jpg\",\"contentUrl\":\"https:\\\/\\\/elpinguifermi.com\\\/wp-content\\\/uploads\\\/2017\\\/04\\\/534422_259454884142056_1906262910_n-1.jpg\",\"width\":288,\"height\":289,\"caption\":\"El Ping\u00fc\u00ed Ferm\u00ed\"},\"image\":{\"@id\":\"https:\\\/\\\/elpinguifermi.com\\\/#\\\/schema\\\/logo\\\/image\\\/\"},\"sameAs\":[\"https:\\\/\\\/es-es.facebook.com\\\/elpinguifermi\\\/\",\"https:\\\/\\\/www.instagram.com\\\/fermielpingui\\\/\",\"https:\\\/\\\/es.linkedin.com\\\/in\\\/el-ping\u00fc\u00ed-ferm\u00ed-serveis-s-l-a17a6214a\"]}]}<\/script>\n<!-- \/ Yoast SEO plugin. -->","yoast_head_json":{"title":"SERVICIO DE CANGURO PARA NI\u00d1OS Y BEB\u00c9S - El Ping\u00fc\u00ed Ferm\u00ed","description":"Queremos facilitar la conciliaci\u00f3n de la vida familiar y laboral con el servicio de canguro para ni\u00f1os y beb\u00e9s con experiencia","robots":{"index":"index","follow":"follow","max-snippet":"max-snippet:-1","max-image-preview":"max-image-preview:large","max-video-preview":"max-video-preview:-1"},"canonical":"https:\/\/elpinguifermi.com\/es\/servicios\/servicio-de-canguro-para-ninos-y-bebes\/","og_locale":"es_ES","og_type":"article","og_title":"SERVICIO DE CANGURO PARA NI\u00d1OS Y BEB\u00c9S - El Ping\u00fc\u00ed Ferm\u00ed","og_description":"Queremos facilitar la conciliaci\u00f3n de la vida familiar y laboral con el servicio de canguro para ni\u00f1os y beb\u00e9s con experiencia","og_url":"https:\/\/elpinguifermi.com\/es\/servicios\/servicio-de-canguro-para-ninos-y-bebes\/","og_site_name":"El Ping\u00fc\u00ed Ferm\u00ed","article_publisher":"https:\/\/es-es.facebook.com\/elpinguifermi\/","article_modified_time":"2025-02-03T12:49:12+00:00","twitter_card":"summary_large_image","twitter_misc":{"Tiempo de lectura":"5 minutos"},"schema":{"@context":"https:\/\/schema.org","@graph":[{"@type":"WebPage","@id":"https:\/\/elpinguifermi.com\/es\/servicios\/servicio-de-canguro-para-ninos-y-bebes\/","url":"https:\/\/elpinguifermi.com\/es\/servicios\/servicio-de-canguro-para-ninos-y-bebes\/","name":"SERVICIO DE CANGURO PARA NI\u00d1OS Y BEB\u00c9S - El Ping\u00fc\u00ed Ferm\u00ed","isPartOf":{"@id":"https:\/\/elpinguifermi.com\/#website"},"datePublished":"2016-06-22T13:42:54+00:00","dateModified":"2025-02-03T12:49:12+00:00","description":"Queremos facilitar la conciliaci\u00f3n de la vida familiar y laboral con el servicio de canguro para ni\u00f1os y beb\u00e9s con experiencia","breadcrumb":{"@id":"https:\/\/elpinguifermi.com\/es\/servicios\/servicio-de-canguro-para-ninos-y-bebes\/#breadcrumb"},"inLanguage":"es","potentialAction":[{"@type":"ReadAction","target":["https:\/\/elpinguifermi.com\/es\/servicios\/servicio-de-canguro-para-ninos-y-bebes\/"]}]},{"@type":"BreadcrumbList","@id":"https:\/\/elpinguifermi.com\/es\/servicios\/servicio-de-canguro-para-ninos-y-bebes\/#breadcrumb","itemListElement":[{"@type":"ListItem","position":1,"name":"Inici","item":"https:\/\/elpinguifermi.com\/es\/"},{"@type":"ListItem","position":2,"name":"SERVICIOS","item":"https:\/\/elpinguifermi.com\/es\/servicios\/"},{"@type":"ListItem","position":3,"name":"CANGUROS A DOMICILIO"}]},{"@type":"WebSite","@id":"https:\/\/elpinguifermi.com\/#website","url":"https:\/\/elpinguifermi.com\/","name":"El Ping\u00fc\u00ed Ferm\u00ed","description":"Cuidado de personas mayores en Barcelona","publisher":{"@id":"https:\/\/elpinguifermi.com\/#organization"},"potentialAction":[{"@type":"SearchAction","target":{"@type":"EntryPoint","urlTemplate":"https:\/\/elpinguifermi.com\/?s={search_term_string}"},"query-input":{"@type":"PropertyValueSpecification","valueRequired":true,"valueName":"search_term_string"}}],"inLanguage":"es"},{"@type":"Organization","@id":"https:\/\/elpinguifermi.com\/#organization","name":"El Ping\u00fc\u00ed Ferm\u00ed","url":"https:\/\/elpinguifermi.com\/","logo":{"@type":"ImageObject","inLanguage":"es","@id":"https:\/\/elpinguifermi.com\/#\/schema\/logo\/image\/","url":"https:\/\/elpinguifermi.com\/wp-content\/uploads\/2017\/04\/534422_259454884142056_1906262910_n-1.jpg","contentUrl":"https:\/\/elpinguifermi.com\/wp-content\/uploads\/2017\/04\/534422_259454884142056_1906262910_n-1.jpg","width":288,"height":289,"caption":"El Ping\u00fc\u00ed Ferm\u00ed"},"image":{"@id":"https:\/\/elpinguifermi.com\/#\/schema\/logo\/image\/"},"sameAs":["https:\/\/es-es.facebook.com\/elpinguifermi\/","https:\/\/www.instagram.com\/fermielpingui\/","https:\/\/es.linkedin.com\/in\/el-ping\u00fc\u00ed-ferm\u00ed-serveis-s-l-a17a6214a"]}]}},"_links":{"self":[{"href":"https:\/\/elpinguifermi.com\/es\/wp-json\/wp\/v2\/pages\/75191","targetHints":{"allow":["GET"]}}],"collection":[{"href":"https:\/\/elpinguifermi.com\/es\/wp-json\/wp\/v2\/pages"}],"about":[{"href":"https:\/\/elpinguifermi.com\/es\/wp-json\/wp\/v2\/types\/page"}],"author":[{"embeddable":true,"href":"https:\/\/elpinguifermi.com\/es\/wp-json\/wp\/v2\/users\/1"}],"replies":[{"embeddable":true,"href":"https:\/\/elpinguifermi.com\/es\/wp-json\/wp\/v2\/comments?post=75191"}],"version-history":[{"count":3,"href":"https:\/\/elpinguifermi.com\/es\/wp-json\/wp\/v2\/pages\/75191\/revisions"}],"predecessor-version":[{"id":77818,"href":"https:\/\/elpinguifermi.com\/es\/wp-json\/wp\/v2\/pages\/75191\/revisions\/77818"}],"up":[{"embeddable":true,"href":"https:\/\/elpinguifermi.com\/es\/wp-json\/wp\/v2\/pages\/75113"}],"wp:attachment":[{"href":"https:\/\/elpinguifermi.com\/es\/wp-json\/wp\/v2\/media?parent=75191"}],"curies":[{"name":"wp","href":"https:\/\/api.w.org\/{rel}","templated":true}]}}