{"id":75178,"date":"2016-06-13T06:50:25","date_gmt":"2016-06-13T06:50:25","guid":{"rendered":"http:\/\/elpinguifermi.com\/es\/servicios\/neteja-de-la-llar\/"},"modified":"2025-02-03T13:49:07","modified_gmt":"2025-02-03T12:49:07","slug":"servicio-de-limpieza-a-particulares","status":"publish","type":"page","link":"https:\/\/elpinguifermi.com\/es\/servicios\/servicio-de-limpieza-a-particulares\/","title":{"rendered":"SERVICIO DE LIMPIEZA A DOMICILIO"},"content":{"rendered":"<p>[vc_row css=\u00bb.vc_custom_1676296458622{margin-top: 30px !important;}\u00bb][vc_column el_class=\u00bbtxt-center\u00bb][vc_column_text]<\/p>\n<h1 id=\"tw-target-text\" class=\"tw-data-text tw-text-large tw-ta\" dir=\"ltr\" style=\"text-align: center;\" data-placeholder=\"Traducci\u00f3n\"><strong><span class=\"Y2IQFc\" lang=\"es\">NUESTROS SERVICIOS DE LIMPIEZA A PARTICULARES<\/span><\/strong><\/h1>\n<p>[\/vc_column_text][vc_empty_space height=\u00bb20px\u00bb][vc_column_text]<\/p>\n<p style=\"text-align: center;\">Cuando se trata de mantener nuestro hogar en orden, la <strong>limpieza de tu hogar<\/strong> es una tarea esencial. Sin embargo, a menudo nos encontramos sin el tiempo o la energ\u00eda necesarios para mantener nuestras casas tan limpias como nos gustar\u00eda. Es por eso que los<strong> servicios de limpieza para particulares<\/strong> son una excelente soluci\u00f3n para aquellos que buscan mantener su hogar impecable sin tener que dedicar tiempo y esfuerzo a la tarea.<\/p>\n<p style=\"text-align: center;\">En El Ping\u00fc\u00ed Fermi, ofrecemos <strong>servicios de limpieza para particulares<\/strong> de alta calidad y personalizados para satisfacer las necesidades \u00fanicas de cada cliente. Nuestro objetivo es proporcionar una experiencia de <strong>limpieza para particulares<\/strong> sin estr\u00e9s y sin preocupaciones que le permita disfrutar de su hogar sin tener que preocuparse por la suciedad y el desorden.<\/p>\n<p>[\/vc_column_text][vc_btn title=\u00bbSolicita M\u00e1s Informaci\u00f3n\u00bb size=\u00bblg\u00bb align=\u00bbcenter\u00bb link=\u00bburl:%23form_contacto_1||\u00bb css=\u00bb.vc_custom_1713872681671{margin-top: 2% !important;margin-bottom: 2% !important;}\u00bb][\/vc_column][\/vc_row][vc_row css=\u00bb.vc_custom_1466594088379{background-color: rgba(255,235,59,0.13) !important;*background-color: rgb(255,235,59) !important;}\u00bb][vc_column el_class=\u00bbtxt-center\u00bb][vc_empty_space height=\u00bb60px\u00bb][vc_custom_heading text=\u00bbLas principales funciones de nuestros profesionales en servicios de limpieza a particulares son:\u00bb el_class=\u00bbheading-title-2&#8243;][vc_empty_space height=\u00bb50px\u00bb][vc_row_inner][vc_column_inner width=\u00bb1\/4&#8243;][vc_icon icon_fontawesome=\u00bbfa fa-home\u00bb color=\u00bbcustom\u00bb size=\u00bbxl\u00bb align=\u00bbcenter\u00bb css_animation=\u00bbbottom-to-top\u00bb custom_color=\u00bb#ffe437&#8243;][vc_column_text css_animation=\u00bbbottom-to-top\u00bb el_class=\u00bbicon-caption\u00bb]<\/p>\n<p id=\"tw-target-text\" class=\"tw-data-text tw-text-large tw-ta\" dir=\"ltr\" data-placeholder=\"Traducci\u00f3n\"><span class=\"Y2IQFc\" lang=\"es\">Realizaci\u00f3n de tareas dom\u00e9sticas y <strong>servicio de limpieza a particulares<\/strong> siguiendo las instrucciones del usuario.<\/span><\/p>\n<p>[\/vc_column_text][\/vc_column_inner][vc_column_inner width=\u00bb1\/4&#8243;][vc_icon icon_fontawesome=\u00bbfa fa-fire\u00bb color=\u00bbcustom\u00bb size=\u00bbxl\u00bb align=\u00bbcenter\u00bb css_animation=\u00bbbottom-to-top\u00bb custom_color=\u00bb#ffe437&#8243;][vc_column_text css_animation=\u00bbbottom-to-top\u00bb el_class=\u00bbicon-caption\u00bb]<\/p>\n<p id=\"tw-target-text\" class=\"tw-data-text tw-text-large tw-ta\" dir=\"ltr\" data-placeholder=\"Traducci\u00f3n\"><span class=\"Y2IQFc\" lang=\"es\"><strong>Servicio de limpieza<\/strong> a fondo de cocinas y otras zonas de su hogar<\/span><\/p>\n<p>[\/vc_column_text][\/vc_column_inner][vc_column_inner width=\u00bb1\/4&#8243;][vc_icon icon_fontawesome=\u00bbfa fa-archive\u00bb color=\u00bbcustom\u00bb size=\u00bbxl\u00bb align=\u00bbcenter\u00bb css_animation=\u00bbbottom-to-top\u00bb custom_color=\u00bb#ffe437&#8243;][vc_column_text css_animation=\u00bbbottom-to-top\u00bb el_class=\u00bbicon-caption\u00bb]<\/p>\n<p id=\"tw-target-text\" class=\"tw-data-text tw-text-large tw-ta\" dir=\"ltr\" data-placeholder=\"Traducci\u00f3n\"><span class=\"Y2IQFc\" lang=\"es\"><strong>Servicio de limpieza en casas particulares<\/strong> con especializaci\u00f3n en fondos de armarios<\/span><\/p>\n<p>[\/vc_column_text][\/vc_column_inner][vc_column_inner width=\u00bb1\/4&#8243;][vc_icon icon_fontawesome=\u00bbfa fa-magic\u00bb color=\u00bbcustom\u00bb size=\u00bbxl\u00bb align=\u00bbcenter\u00bb css_animation=\u00bbbottom-to-top\u00bb custom_color=\u00bb#ffe437&#8243;][vc_column_text css_animation=\u00bbbottom-to-top\u00bb el_class=\u00bbicon-caption\u00bb]<\/p>\n<div id=\"tw-target-text-container\" class=\"tw-ta-container F0azHf tw-nfl\" tabindex=\"0\">\n<p id=\"tw-target-text\" class=\"tw-data-text tw-text-large tw-ta\" dir=\"ltr\" data-placeholder=\"Traducci\u00f3n\"><span class=\"Y2IQFc\" lang=\"es\"><strong>Servicios de limpieza para casas particulares<\/strong> especializadas en terrazas y exteriores.<\/span><\/p>\n<\/div>\n<div class=\"iYB33c\">\n<div id=\"tw-tmenu\" class=\"tw-menu\"><\/div>\n<\/div>\n<p>[\/vc_column_text][\/vc_column_inner][\/vc_row_inner][vc_empty_space height=\u00bb72px\u00bb][\/vc_column][\/vc_row][vc_row][vc_column width=\u00bb1\/2&#8243;][vc_empty_space height=\u00bb72px\u00bb][vc_column_text]<\/p>\n<h2><strong>Servicios de limpieza para particulares a domicilio<\/strong><\/h2>\n<p style=\"text-align: justify;\">Nuestros <b>servicios de limpieza para particulares<\/b><span style=\"font-weight: 400;\"> incluyen la limpieza de \u00e1reas comunes, como salas de estar, cocinas y ba\u00f1os, as\u00ed como la limpieza de habitaciones individuales, incluidos dormitorios y oficinas en el hogar. Tambi\u00e9n ofrecemos servicios especializados, como <\/span><b>la limpieza de alfombras, limpieza de vidrios, limpieza de muebles y limpieza de persianas<\/b><span style=\"font-weight: 400;\">. Trabajamos con los mejores productos de limpieza y maquinarias, lo que garantiza una limpieza profunda y duradera, dejando su hogar completamente renovado.<\/span><\/p>\n<p style=\"text-align: justify;\">Nuestro equipo de limpieza altamente capacitado y experimentado est\u00e1 compuesto por profesionales de confianza y amables que se aseguran de cumplir con los m\u00e1s altos est\u00e1ndares de calidad. Utilizamos equipos de seguridad para asegurarnos de que nuestros clientes se sientan seguros y c\u00f3modos con nuestro equipo en sus hogares. Adem\u00e1s, nuestro <b>servicio de limpieza para vuestra casa,<\/b><span style=\"font-weight: 400;\"> son flexibles y adaptables a cualquier necesidad y horario, lo que garantiza una experiencia de limpieza c\u00f3moda y personalizada.<\/span><\/p>\n<p style=\"text-align: justify;\">No importa si necesita un <b>servicio de limpieza<\/b> <b>para particulares<\/b><span style=\"font-weight: 400;\"> regulares o una limpieza puntual para una ocasi\u00f3n especial, en El Ping\u00fc\u00ed Fermi estamos listos para ayudarlo. Sabemos que cada hogar es \u00fanico, por lo que adaptamos nuestros servicios para satisfacer sus necesidades espec\u00edficas y ofrecer una limpieza personalizada que se adapte a su hogar y su estilo de vida.<\/span><\/p>\n<p>[\/vc_column_text][\/vc_column][vc_column width=\u00bb1\/2&#8243;][vc_empty_space height=\u00bb72px\u00bb][vc_single_image image=\u00bb75988&#8243; img_size=\u00bb555X494&#8243;][\/vc_column][\/vc_row][vc_row][vc_column width=\u00bb1\/2&#8243;][vc_empty_space height=\u00bb72px\u00bb][vc_single_image image=\u00bb75989&#8243; img_size=\u00bb555X494&#8243;][vc_column_text]<\/p>\n<p>[\/vc_column_text][\/vc_column][vc_column width=\u00bb1\/2&#8243;][vc_empty_space height=\u00bb72px\u00bb][vc_column_text]<\/p>\n<h2><strong>Servicios de limpiezas para casas y pisos particulares<\/strong><\/h2>\n<p style=\"text-align: justify;\">Al elegir nuestros <b>servicios de limpieza para particulares<\/b><span style=\"font-weight: 400;\">, no solo obtendr\u00e1 una casa limpia, sino que tambi\u00e9n disfrutar\u00e1 de la tranquilidad que viene con la contrataci\u00f3n de un equipo de profesionales que se encargan de todo el trabajo por usted. Con nuestros servicios, puede dedicar su tiempo a lo que realmente importa, ya sea pasar tiempo con su familia o hacer las cosas que m\u00e1s le gustan.<\/span><\/p>\n<p style=\"text-align: justify;\">En resumen, los <b>servicios de limpieza para casas<\/b><span style=\"font-weight: 400;\"> de El Ping\u00fc\u00ed Fermi son la soluci\u00f3n perfecta para aquellos que buscan mantener su hogar impecable sin tener que dedicar tiempo y esfuerzo a la tarea. Nuestros servicios son personalizados y flexibles, y nuestro equipo de profesionales capacitados y experimentados garantiza una limpieza profunda y duradera. As\u00ed que si est\u00e1 buscando <\/span><b>servicios de limpieza para particulares en Barcelona<\/b><span style=\"font-weight: 400;\">, no busque m\u00e1s all\u00e1 de El Ping\u00fc\u00ed Fermi. Nuestra amplia gama de servicios de limpieza se adapta a las necesidades de cada cliente, sin importar cu\u00e1n grandes o peque\u00f1as sean sus necesidades de limpieza. Ya sea que necesite <\/span><b>servicios de limpieza <\/b><span style=\"font-weight: 400;\">regulares, una limpieza \u00fanica antes de una ocasi\u00f3n especial o una limpieza profunda despu\u00e9s de una mudanza, estamos aqu\u00ed para ayudarlo.<\/span><\/p>\n<p>[\/vc_column_text][vc_empty_space height=\u00bb70px\u00bb][\/vc_column][\/vc_row][vc_row][vc_column][vc_empty_space height=\u00bb50px\u00bb][vc_column_text]<\/p>\n<p style=\"text-align: center;\"><span style=\"font-weight: 400;\">En El Ping\u00fc\u00ed Fermi, nos enorgullece nuestra atenci\u00f3n al detalle y nuestro compromiso con la satisfacci\u00f3n del cliente. Estamos comprometidos a proporcionar a nuestros clientes un servicio excepcional y hacer todo lo posible para garantizar su satisfacci\u00f3n en cada etapa del proceso de limpieza.<\/span><\/p>\n<p style=\"text-align: center;\"><span style=\"font-weight: 400;\">No lo dude m\u00e1s y deje que El Ping\u00fc\u00ed Fermi se encargue de la <\/span><b>limpieza de su hogar<\/b><span style=\"font-weight: 400;\">. Con nuestro equipo de profesionales altamente capacitados y experimentados, podemos garantizar una limpieza profunda y duradera que dejar\u00e1 su hogar como nuevo. Contacte con nosotros hoy para obtener m\u00e1s informaci\u00f3n sobre <\/span><b>nuestros servicios de limpieza para particulares <\/b><span style=\"font-weight: 400;\">y c\u00f3mo podemos ayudar a mantener su hogar impecable.<\/span><\/p>\n<p>[\/vc_column_text][vc_empty_space height=\u00bb70px\u00bb][\/vc_column][\/vc_row][vc_row el_class=\u00bbbg-yellow\u00bb el_id=\u00bbform_contacto_1&#8243;][vc_column width=\u00bb1\/2&#8243;][vc_empty_space height=\u00bb70px\u00bb][vc_custom_heading text=\u00bbC\u00f3mo solicitar nuestros servicios de limpieza para particulares\u00bb el_class=\u00bbheading-title-3&#8243;][vc_column_text]<\/p>\n<p id=\"tw-target-text\" class=\"tw-data-text tw-text-large tw-ta\" dir=\"ltr\" data-placeholder=\"Traducci\u00f3n\"><span class=\"Y2IQFc\" lang=\"es\">A trav\u00e9s de nuestro tel\u00e9fono: 93.357.27.24, <\/span><\/p>\n<p class=\"tw-data-text tw-text-large tw-ta\" dir=\"ltr\" data-placeholder=\"Traducci\u00f3n\"><span class=\"Y2IQFc\" lang=\"es\">correo electr\u00f3nico: manim@elpinguifermi.com <\/span><\/p>\n<p class=\"tw-data-text tw-text-large tw-ta\" dir=\"ltr\" data-placeholder=\"Traducci\u00f3n\"><span class=\"Y2IQFc\" lang=\"es\">o mediante el formulario de la derecha.<\/span><\/p>\n<p>[\/vc_column_text][vc_empty_space height=\u00bb62px\u00bb][vc_custom_heading text=\u00bbModalidades de Contrataci\u00f3n\u00bb el_class=\u00bbheading-title-3&#8243;][vc_column_text]<\/p>\n<ul>\n<li>Servicio fijo.<\/li>\n<li>Por horas.<\/li>\n<li>Limpieza puntual o de choque.<\/li>\n<\/ul>\n<p>Tambi\u00e9n\u00a0disponemos de servicio de abrillantado y limpieza de cristales.[\/vc_column_text][vc_empty_space height=\u00bb70px\u00bb][\/vc_column][vc_column width=\u00bb1\/2&#8243;][vc_empty_space height=\u00bb70px\u00bb]\n<div class=\"wpcf7 no-js\" id=\"wpcf7-f75147-o1\" lang=\"en-US\" dir=\"ltr\" data-wpcf7-id=\"75147\">\n<div class=\"screen-reader-response\"><p role=\"status\" aria-live=\"polite\" aria-atomic=\"true\"><\/p> <ul><\/ul><\/div>\n<form action=\"\/es\/wp-json\/wp\/v2\/pages\/75178#wpcf7-f75147-o1\" method=\"post\" class=\"wpcf7-form init\" aria-label=\"Contact form\" novalidate=\"novalidate\" data-status=\"init\">\n<fieldset class=\"hidden-fields-container\"><input type=\"hidden\" name=\"_wpcf7\" value=\"75147\" \/><input type=\"hidden\" name=\"_wpcf7_version\" value=\"6.1.5\" \/><input type=\"hidden\" name=\"_wpcf7_locale\" value=\"en_US\" \/><input type=\"hidden\" name=\"_wpcf7_unit_tag\" value=\"wpcf7-f75147-o1\" \/><input type=\"hidden\" name=\"_wpcf7_container_post\" value=\"0\" \/><input type=\"hidden\" name=\"_wpcf7_posted_data_hash\" value=\"\" \/><input type=\"hidden\" name=\"_wpcf7_recaptcha_response\" value=\"\" \/>\n<\/fieldset>\n<div class=\"row\">\n\t<div class=\"col-md-12\">\n\t\t<p><span class=\"wpcf7-form-control-wrap\" data-name=\"your-name\"><input size=\"40\" maxlength=\"400\" class=\"wpcf7-form-control wpcf7-text wpcf7-validates-as-required\" aria-required=\"true\" aria-invalid=\"false\" placeholder=\"Nombre y Apellidos*\" value=\"\" type=\"text\" name=\"your-name\" \/><\/span>\n\t\t<\/p>\n\t<\/div>\n\t<div class=\"col-md-12\">\n\t\t<p><span class=\"wpcf7-form-control-wrap\" data-name=\"your-email\"><input size=\"40\" maxlength=\"400\" class=\"wpcf7-form-control wpcf7-email wpcf7-validates-as-required wpcf7-text wpcf7-validates-as-email\" aria-required=\"true\" aria-invalid=\"false\" placeholder=\"E-mail de contacto*\" value=\"\" type=\"email\" name=\"your-email\" \/><\/span>\n\t\t<\/p>\n\t<\/div>\n\t<div class=\"col-md-12\">\n\t\t<p><span class=\"wpcf7-form-control-wrap\" data-name=\"your-phone\"><input size=\"40\" maxlength=\"400\" class=\"wpcf7-form-control wpcf7-text\" aria-invalid=\"false\" placeholder=\"Tel\u00e9fono de contacto\" value=\"\" type=\"text\" name=\"your-phone\" \/><\/span>\n\t\t<\/p>\n\t<\/div>\n\t<div class=\"col-md-12\">\n\t\t<p><span class=\"wpcf7-form-control-wrap\" data-name=\"servei\"><select class=\"wpcf7-form-control wpcf7-select wpcf7-validates-as-required\" aria-required=\"true\" aria-invalid=\"false\" name=\"servei\"><option value=\"Selecciona un servicio*\">Selecciona un servicio*<\/option><option value=\"SERVICIOS DE ATENCI\u00d3N A LA GENTE MAYOR\">SERVICIOS DE ATENCI\u00d3N A LA GENTE MAYOR<\/option><option value=\"SERVICIOS DE LIMPIEZA A PARTICULARES\">SERVICIOS DE LIMPIEZA A PARTICULARES<\/option><option value=\"SERVICIOS DE CANGUROS PARA NI\u00d1OS O BEB\u00c9S\">SERVICIOS DE CANGUROS PARA NI\u00d1OS O BEB\u00c9S<\/option><\/select><\/span>\n\t\t<\/p>\n\t<\/div>\n\t<div class=\"col-md-12\">\n\t\t<p><span class=\"wpcf7-form-control-wrap\" data-name=\"your-message\"><textarea cols=\"40\" rows=\"10\" maxlength=\"2000\" class=\"wpcf7-form-control wpcf7-textarea\" aria-invalid=\"false\" placeholder=\"Descripci\u00f3n del Servicio\" name=\"your-message\"><\/textarea><\/span>\n\t\t<\/p>\n\t<\/div>\n\t<div class=\"col-md-12\">\n\t\t<p><input class=\"wpcf7-form-control wpcf7-submit has-spinner\" type=\"submit\" value=\"Enviar\" \/>\n\t\t<\/p>\n\t<\/div>\n<\/div><div class=\"wpcf7-response-output\" aria-hidden=\"true\"><\/div>\n<\/form>\n<\/div>\n[\/vc_column][\/vc_row]<\/p>\n","protected":false},"excerpt":{"rendered":"<p>[vc_row css=\u00bb.vc_custom_1676296458622{margin-top: 30px !important;}\u00bb][vc_column el_class=\u00bbtxt-center\u00bb][vc_column_text] NUESTROS SERVICIOS DE LIMPIEZA A PARTICULARES [\/vc_column_text][vc_empty_space height=\u00bb20px\u00bb][vc_column_text] Cuando se trata de mantener nuestro hogar en orden, la limpieza de tu hogar es una tarea esencial. Sin embargo, a menudo nos encontramos sin el tiempo o la energ\u00eda necesarios para mantener nuestras casas tan limpias como nos gustar\u00eda. Es por [&hellip;]<\/p>\n","protected":false},"author":1,"featured_media":0,"parent":75113,"menu_order":0,"comment_status":"closed","ping_status":"closed","template":"","meta":{"footnotes":""},"class_list":["post-75178","page","type-page","status-publish","hentry"],"yoast_head":"<!-- This site is optimized with the Yoast SEO plugin v27.5 - https:\/\/yoast.com\/product\/yoast-seo-wordpress\/ -->\n<title>SERVICIO DE LIMPIEZA A DOMICILIO - El Ping\u00fc\u00ed Ferm\u00ed<\/title>\n<meta name=\"description\" content=\"Contar con servicios de limpieza para particulares en tu hogar es fundamental, puesto que es una pieza clave en la organizaci\u00f3n y buen funcionamiento.\" \/>\n<meta name=\"robots\" content=\"index, follow, max-snippet:-1, max-image-preview:large, max-video-preview:-1\" \/>\n<link rel=\"canonical\" href=\"https:\/\/elpinguifermi.com\/es\/servicios\/servicio-de-limpieza-a-particulares\/\" \/>\n<meta property=\"og:locale\" content=\"es_ES\" \/>\n<meta property=\"og:type\" content=\"article\" \/>\n<meta property=\"og:title\" content=\"SERVICIO DE LIMPIEZA A DOMICILIO - El Ping\u00fc\u00ed Ferm\u00ed\" \/>\n<meta property=\"og:description\" content=\"Contar con servicios de limpieza para particulares en tu hogar es fundamental, puesto que es una pieza clave en la organizaci\u00f3n y buen funcionamiento.\" \/>\n<meta property=\"og:url\" content=\"https:\/\/elpinguifermi.com\/es\/servicios\/servicio-de-limpieza-a-particulares\/\" \/>\n<meta property=\"og:site_name\" content=\"El Ping\u00fc\u00ed Ferm\u00ed\" \/>\n<meta property=\"article:publisher\" content=\"https:\/\/es-es.facebook.com\/elpinguifermi\/\" \/>\n<meta property=\"article:modified_time\" content=\"2025-02-03T12:49:07+00:00\" \/>\n<meta name=\"twitter:card\" content=\"summary_large_image\" \/>\n<meta name=\"twitter:label1\" content=\"Tiempo de lectura\" \/>\n\t<meta name=\"twitter:data1\" content=\"5 minutos\" \/>\n<script type=\"application\/ld+json\" class=\"yoast-schema-graph\">{\"@context\":\"https:\\\/\\\/schema.org\",\"@graph\":[{\"@type\":\"WebPage\",\"@id\":\"https:\\\/\\\/elpinguifermi.com\\\/es\\\/servicios\\\/servicio-de-limpieza-a-particulares\\\/\",\"url\":\"https:\\\/\\\/elpinguifermi.com\\\/es\\\/servicios\\\/servicio-de-limpieza-a-particulares\\\/\",\"name\":\"SERVICIO DE LIMPIEZA A DOMICILIO - El Ping\u00fc\u00ed Ferm\u00ed\",\"isPartOf\":{\"@id\":\"https:\\\/\\\/elpinguifermi.com\\\/#website\"},\"datePublished\":\"2016-06-13T06:50:25+00:00\",\"dateModified\":\"2025-02-03T12:49:07+00:00\",\"description\":\"Contar con servicios de limpieza para particulares en tu hogar es fundamental, puesto que es una pieza clave en la organizaci\u00f3n y buen funcionamiento.\",\"breadcrumb\":{\"@id\":\"https:\\\/\\\/elpinguifermi.com\\\/es\\\/servicios\\\/servicio-de-limpieza-a-particulares\\\/#breadcrumb\"},\"inLanguage\":\"es\",\"potentialAction\":[{\"@type\":\"ReadAction\",\"target\":[\"https:\\\/\\\/elpinguifermi.com\\\/es\\\/servicios\\\/servicio-de-limpieza-a-particulares\\\/\"]}]},{\"@type\":\"BreadcrumbList\",\"@id\":\"https:\\\/\\\/elpinguifermi.com\\\/es\\\/servicios\\\/servicio-de-limpieza-a-particulares\\\/#breadcrumb\",\"itemListElement\":[{\"@type\":\"ListItem\",\"position\":1,\"name\":\"Inici\",\"item\":\"https:\\\/\\\/elpinguifermi.com\\\/es\\\/\"},{\"@type\":\"ListItem\",\"position\":2,\"name\":\"SERVICIOS\",\"item\":\"https:\\\/\\\/elpinguifermi.com\\\/es\\\/servicios\\\/\"},{\"@type\":\"ListItem\",\"position\":3,\"name\":\"SERVICIO DE LIMPIEZA A DOMICILIO\"}]},{\"@type\":\"WebSite\",\"@id\":\"https:\\\/\\\/elpinguifermi.com\\\/#website\",\"url\":\"https:\\\/\\\/elpinguifermi.com\\\/\",\"name\":\"El Ping\u00fc\u00ed Ferm\u00ed\",\"description\":\"Cuidado de personas mayores en Barcelona\",\"publisher\":{\"@id\":\"https:\\\/\\\/elpinguifermi.com\\\/#organization\"},\"potentialAction\":[{\"@type\":\"SearchAction\",\"target\":{\"@type\":\"EntryPoint\",\"urlTemplate\":\"https:\\\/\\\/elpinguifermi.com\\\/?s={search_term_string}\"},\"query-input\":{\"@type\":\"PropertyValueSpecification\",\"valueRequired\":true,\"valueName\":\"search_term_string\"}}],\"inLanguage\":\"es\"},{\"@type\":\"Organization\",\"@id\":\"https:\\\/\\\/elpinguifermi.com\\\/#organization\",\"name\":\"El Ping\u00fc\u00ed Ferm\u00ed\",\"url\":\"https:\\\/\\\/elpinguifermi.com\\\/\",\"logo\":{\"@type\":\"ImageObject\",\"inLanguage\":\"es\",\"@id\":\"https:\\\/\\\/elpinguifermi.com\\\/#\\\/schema\\\/logo\\\/image\\\/\",\"url\":\"https:\\\/\\\/elpinguifermi.com\\\/wp-content\\\/uploads\\\/2017\\\/04\\\/534422_259454884142056_1906262910_n-1.jpg\",\"contentUrl\":\"https:\\\/\\\/elpinguifermi.com\\\/wp-content\\\/uploads\\\/2017\\\/04\\\/534422_259454884142056_1906262910_n-1.jpg\",\"width\":288,\"height\":289,\"caption\":\"El Ping\u00fc\u00ed Ferm\u00ed\"},\"image\":{\"@id\":\"https:\\\/\\\/elpinguifermi.com\\\/#\\\/schema\\\/logo\\\/image\\\/\"},\"sameAs\":[\"https:\\\/\\\/es-es.facebook.com\\\/elpinguifermi\\\/\",\"https:\\\/\\\/www.instagram.com\\\/fermielpingui\\\/\",\"https:\\\/\\\/es.linkedin.com\\\/in\\\/el-ping\u00fc\u00ed-ferm\u00ed-serveis-s-l-a17a6214a\"]}]}<\/script>\n<!-- \/ Yoast SEO plugin. -->","yoast_head_json":{"title":"SERVICIO DE LIMPIEZA A DOMICILIO - El Ping\u00fc\u00ed Ferm\u00ed","description":"Contar con servicios de limpieza para particulares en tu hogar es fundamental, puesto que es una pieza clave en la organizaci\u00f3n y buen funcionamiento.","robots":{"index":"index","follow":"follow","max-snippet":"max-snippet:-1","max-image-preview":"max-image-preview:large","max-video-preview":"max-video-preview:-1"},"canonical":"https:\/\/elpinguifermi.com\/es\/servicios\/servicio-de-limpieza-a-particulares\/","og_locale":"es_ES","og_type":"article","og_title":"SERVICIO DE LIMPIEZA A DOMICILIO - El Ping\u00fc\u00ed Ferm\u00ed","og_description":"Contar con servicios de limpieza para particulares en tu hogar es fundamental, puesto que es una pieza clave en la organizaci\u00f3n y buen funcionamiento.","og_url":"https:\/\/elpinguifermi.com\/es\/servicios\/servicio-de-limpieza-a-particulares\/","og_site_name":"El Ping\u00fc\u00ed Ferm\u00ed","article_publisher":"https:\/\/es-es.facebook.com\/elpinguifermi\/","article_modified_time":"2025-02-03T12:49:07+00:00","twitter_card":"summary_large_image","twitter_misc":{"Tiempo de lectura":"5 minutos"},"schema":{"@context":"https:\/\/schema.org","@graph":[{"@type":"WebPage","@id":"https:\/\/elpinguifermi.com\/es\/servicios\/servicio-de-limpieza-a-particulares\/","url":"https:\/\/elpinguifermi.com\/es\/servicios\/servicio-de-limpieza-a-particulares\/","name":"SERVICIO DE LIMPIEZA A DOMICILIO - El Ping\u00fc\u00ed Ferm\u00ed","isPartOf":{"@id":"https:\/\/elpinguifermi.com\/#website"},"datePublished":"2016-06-13T06:50:25+00:00","dateModified":"2025-02-03T12:49:07+00:00","description":"Contar con servicios de limpieza para particulares en tu hogar es fundamental, puesto que es una pieza clave en la organizaci\u00f3n y buen funcionamiento.","breadcrumb":{"@id":"https:\/\/elpinguifermi.com\/es\/servicios\/servicio-de-limpieza-a-particulares\/#breadcrumb"},"inLanguage":"es","potentialAction":[{"@type":"ReadAction","target":["https:\/\/elpinguifermi.com\/es\/servicios\/servicio-de-limpieza-a-particulares\/"]}]},{"@type":"BreadcrumbList","@id":"https:\/\/elpinguifermi.com\/es\/servicios\/servicio-de-limpieza-a-particulares\/#breadcrumb","itemListElement":[{"@type":"ListItem","position":1,"name":"Inici","item":"https:\/\/elpinguifermi.com\/es\/"},{"@type":"ListItem","position":2,"name":"SERVICIOS","item":"https:\/\/elpinguifermi.com\/es\/servicios\/"},{"@type":"ListItem","position":3,"name":"SERVICIO DE LIMPIEZA A DOMICILIO"}]},{"@type":"WebSite","@id":"https:\/\/elpinguifermi.com\/#website","url":"https:\/\/elpinguifermi.com\/","name":"El Ping\u00fc\u00ed Ferm\u00ed","description":"Cuidado de personas mayores en Barcelona","publisher":{"@id":"https:\/\/elpinguifermi.com\/#organization"},"potentialAction":[{"@type":"SearchAction","target":{"@type":"EntryPoint","urlTemplate":"https:\/\/elpinguifermi.com\/?s={search_term_string}"},"query-input":{"@type":"PropertyValueSpecification","valueRequired":true,"valueName":"search_term_string"}}],"inLanguage":"es"},{"@type":"Organization","@id":"https:\/\/elpinguifermi.com\/#organization","name":"El Ping\u00fc\u00ed Ferm\u00ed","url":"https:\/\/elpinguifermi.com\/","logo":{"@type":"ImageObject","inLanguage":"es","@id":"https:\/\/elpinguifermi.com\/#\/schema\/logo\/image\/","url":"https:\/\/elpinguifermi.com\/wp-content\/uploads\/2017\/04\/534422_259454884142056_1906262910_n-1.jpg","contentUrl":"https:\/\/elpinguifermi.com\/wp-content\/uploads\/2017\/04\/534422_259454884142056_1906262910_n-1.jpg","width":288,"height":289,"caption":"El Ping\u00fc\u00ed Ferm\u00ed"},"image":{"@id":"https:\/\/elpinguifermi.com\/#\/schema\/logo\/image\/"},"sameAs":["https:\/\/es-es.facebook.com\/elpinguifermi\/","https:\/\/www.instagram.com\/fermielpingui\/","https:\/\/es.linkedin.com\/in\/el-ping\u00fc\u00ed-ferm\u00ed-serveis-s-l-a17a6214a"]}]}},"_links":{"self":[{"href":"https:\/\/elpinguifermi.com\/es\/wp-json\/wp\/v2\/pages\/75178","targetHints":{"allow":["GET"]}}],"collection":[{"href":"https:\/\/elpinguifermi.com\/es\/wp-json\/wp\/v2\/pages"}],"about":[{"href":"https:\/\/elpinguifermi.com\/es\/wp-json\/wp\/v2\/types\/page"}],"author":[{"embeddable":true,"href":"https:\/\/elpinguifermi.com\/es\/wp-json\/wp\/v2\/users\/1"}],"replies":[{"embeddable":true,"href":"https:\/\/elpinguifermi.com\/es\/wp-json\/wp\/v2\/comments?post=75178"}],"version-history":[{"count":6,"href":"https:\/\/elpinguifermi.com\/es\/wp-json\/wp\/v2\/pages\/75178\/revisions"}],"predecessor-version":[{"id":77817,"href":"https:\/\/elpinguifermi.com\/es\/wp-json\/wp\/v2\/pages\/75178\/revisions\/77817"}],"up":[{"embeddable":true,"href":"https:\/\/elpinguifermi.com\/es\/wp-json\/wp\/v2\/pages\/75113"}],"wp:attachment":[{"href":"https:\/\/elpinguifermi.com\/es\/wp-json\/wp\/v2\/media?parent=75178"}],"curies":[{"name":"wp","href":"https:\/\/api.w.org\/{rel}","templated":true}]}}