{"id":75106,"date":"2016-06-21T15:43:39","date_gmt":"2016-06-21T15:43:39","guid":{"rendered":"http:\/\/elpinguifermi.com\/es\/?page_id=75106"},"modified":"2025-04-15T09:36:45","modified_gmt":"2025-04-15T07:36:45","slug":"modalidad","status":"publish","type":"page","link":"https:\/\/elpinguifermi.com\/es\/modalidad\/","title":{"rendered":"Modalidades"},"content":{"rendered":"<p>[vc_row][vc_column el_class=\u00bbtxt-center\u00bb][vc_empty_space][vc_custom_heading text=\u00bbModalidades de contrataci\u00f3n con El Ping\u00fci Ferm\u00ed\u00bb font_container=\u00bbtag:h2|text_align:center\u00bb el_class=\u00bbheading-title-3&#8243;][\/vc_column][\/vc_row][vc_row css=\u00bb.vc_custom_1465753648642{padding-top: 40px !important;}\u00bb][vc_column width=\u00bb1\/4&#8243;][vc_icon icon_fontawesome=\u00bbfa fa-clock-o\u00bb color=\u00bbcustom\u00bb background_style=\u00bbrounded\u00bb background_color=\u00bbcustom\u00bb size=\u00bbxl\u00bb css_animation=\u00bbleft-to-right\u00bb custom_color=\u00bb#ffe437&#8243; custom_background_color=\u00bb#ffe437&#8243;][\/vc_column][vc_column width=\u00bb3\/4&#8243;][vc_custom_heading text=\u00bbCuidadores para personas mayores por horas\u00bb el_class=\u00bbanimated fadeInUp\u00bb][vc_column_text css_animation=\u00bbtop-to-bottom\u00bb]Servicios que se solicitan por un d\u00eda concreto y unas horas concretas.<\/p>\n<p>En esta modalidad, enviamos presupuesto previamente y la cantidad a abonar se hace efectiva directamente en El Ping\u00fc\u00ed Ferm\u00ed.<\/p>\n<p>*Los servicios puntuales se tendr\u00e1n que solicitar con un m\u00ednimo de 48 horas de antelaci\u00f3n.[\/vc_column_text][\/vc_column][\/vc_row][vc_row css=\u00bb.vc_custom_1465753535313{padding-top: 40px !important;}\u00bb][vc_column width=\u00bb1\/4&#8243;][vc_icon icon_fontawesome=\u00bbfa fa-calendar\u00bb color=\u00bbcustom\u00bb background_style=\u00bbrounded\u00bb background_color=\u00bbcustom\u00bb size=\u00bbxl\u00bb css_animation=\u00bbleft-to-right\u00bb custom_color=\u00bb#ffe437&#8243; custom_background_color=\u00bb#ffe437&#8243;][\/vc_column][vc_column width=\u00bb3\/4&#8243;][vc_custom_heading text=\u00bbCuidadores a domicilio modalidad fija\u00bb el_class=\u00bbanimated fadeInUp\u00bb][vc_column_text css_animation=\u00bbtop-to-bottom\u00bb]Aquellos servicios de atenci\u00f3n a personas mayores que se solicitan de forma fija (por ejemplo: limpieza del hogar, cuidadora de personas mayores, etc.)<\/p>\n<p>En esta modalidad, pasamos presupuesto previamente y la cantidad a abonar se hace efectiva directamente en El Ping\u00fc\u00ed Ferm\u00ed mensualmente.[\/vc_column_text][\/vc_column][\/vc_row][vc_row css=\u00bb.vc_custom_1465753535313{padding-top: 40px !important;}\u00bb][vc_column width=\u00bb1\/4&#8243;][vc_icon icon_fontawesome=\u00bbfa fa-calendar-check-o\u00bb color=\u00bbcustom\u00bb background_style=\u00bbrounded\u00bb background_color=\u00bbcustom\u00bb size=\u00bbxl\u00bb css_animation=\u00bbleft-to-right\u00bb custom_color=\u00bb#ffe437&#8243; custom_background_color=\u00bb#ffe437&#8243;][\/vc_column][vc_column width=\u00bb3\/4&#8243;][vc_custom_heading text=\u00bbCuidadores para personas mayores para fines de semana\u00bb el_class=\u00bbanimated fadeInUp\u00bb][vc_column_text css_animation=\u00bbtop-to-bottom\u00bb]Aquellos servicios que se solicitan por unos d\u00edas concretos como, por ejemplo, fines de semana.<\/p>\n<p>En esta modalidad, enviamos presupuesto previamente y la cantidad a abonar se hace efectiva directamente en El Ping\u00fc\u00ed Ferm\u00ed.<\/p>\n<p>*Como servicio puntual se deber\u00e1 solicitar con un m\u00ednimo de 48h de antelaci\u00f3n. <strong>Para fines de semana m\u00e1ximo hasta viernes por la ma\u00f1ana.<\/strong>[\/vc_column_text][\/vc_column][\/vc_row][vc_row css=\u00bb.vc_custom_1744701620315{padding-top: 40px !important;}\u00bb][vc_column width=\u00bb1\/4&#8243;][vc_icon icon_fontawesome=\u00bbfa fa-check-square-o\u00bb color=\u00bbcustom\u00bb background_style=\u00bbrounded\u00bb background_color=\u00bbcustom\u00bb size=\u00bbxl\u00bb css_animation=\u00bbleft-to-right\u00bb custom_color=\u00bb#ffe437&#8243; custom_background_color=\u00bb#ffe437&#8243;][\/vc_column][vc_column width=\u00bb3\/4&#8243;][vc_custom_heading text=\u00bbCertificados como empresa de atenci\u00f3n domiciliaria para personas mayores\u00bb el_class=\u00bbanimated fadeInUp\u00bb][vc_column_text css_animation=\u00bbtop-to-bottom\u00bb]Para su tranquilidad, El Ping\u00fci Ferm\u00ed Serveis, es una empresa acreditada por la Generalitat de Catalunya, N\u00ba S08302, garantizando que actuamos dentro del marco de la legalidad.[\/vc_column_text][\/vc_column][\/vc_row][vc_row][vc_column width=\u00bb1\/4&#8243;][vc_icon icon_fontawesome=\u00bbfa fa-graduation-cap\u00bb color=\u00bbcustom\u00bb background_style=\u00bbrounded\u00bb background_color=\u00bbcustom\u00bb size=\u00bbxl\u00bb css_animation=\u00bbleft-to-right\u00bb custom_color=\u00bb#ffe437&#8243; custom_background_color=\u00bb#ffe437&#8243;][\/vc_column][vc_column width=\u00bb3\/4&#8243;][vc_custom_heading text=\u00bbContrataci\u00f3n directa con el profesional\u00bb el_class=\u00bbanimated fadeInUp\u00bb][vc_column_text css_animation=\u00bbtop-to-bottom\u00bb]El Ping\u00fc\u00ed Ferm\u00ed solo realiza la propuesta del profesional m\u00e1s adecuado a la solicitud, en relaci\u00f3n con el estudio de sus necesidades. En esta modalidad, una vez aceptado el profesional propuesto, el trato, presupuesto y cobro, corre a cargo del<a href=\"https:\/\/es.wikipedia.org\/wiki\/Profesional\"> profesional<\/a> en cuesti\u00f3n.[\/vc_column_text][\/vc_column][\/vc_row][vc_row][vc_column][vc_empty_space height=\u00bb60px\u00bb][\/vc_column][\/vc_row][vc_row row_type=\u00bbparallax\u00bb css=\u00bb.vc_custom_1466523745955{padding-top: 60px !important;padding-bottom: 60px !important;background-image: url(http:\/\/elpinguifermi.com\/wp-content\/uploads\/2015\/06\/servei.jpg?id=75099) !important;background-position: center !important;background-repeat: no-repeat !important;background-size: cover !important;}\u00bb][vc_column][vc_empty_space][vc_custom_heading text=\u00bbPROFESIONALES EXTERNOS\u00bb font_container=\u00bbtag:h2|text_align:center|color:%23ffffff\u00bb][vc_empty_space][vc_column_text]<\/p>\n<p style=\"text-align: center;\"><span style=\"color: #ffffff;\">El Ping\u00fc\u00ed Ferm\u00ed facilita el contacto con aquellos profesionales que conforman las diferentes especialidades de Asistencia<\/span><br \/>\n<span style=\"color: #ffffff;\">T\u00e9cnica en el hogar Pero una vez realizado el contacto, si el profesional propuesto cumple tus requerimientos,<\/span><br \/>\n<span style=\"color: #ffffff;\">el trato es directo entre vosotros.<\/span><\/p>\n<p>[\/vc_column_text][vc_empty_space][\/vc_column][\/vc_row]<\/p>\n","protected":false},"excerpt":{"rendered":"<p>[vc_row][vc_column el_class=\u00bbtxt-center\u00bb][vc_empty_space][vc_custom_heading text=\u00bbModalidades de contrataci\u00f3n con El Ping\u00fci Ferm\u00ed\u00bb font_container=\u00bbtag:h2|text_align:center\u00bb el_class=\u00bbheading-title-3&#8243;][\/vc_column][\/vc_row][vc_row css=\u00bb.vc_custom_1465753648642{padding-top: 40px !important;}\u00bb][vc_column width=\u00bb1\/4&#8243;][vc_icon icon_fontawesome=\u00bbfa fa-clock-o\u00bb color=\u00bbcustom\u00bb background_style=\u00bbrounded\u00bb background_color=\u00bbcustom\u00bb size=\u00bbxl\u00bb css_animation=\u00bbleft-to-right\u00bb custom_color=\u00bb#ffe437&#8243; custom_background_color=\u00bb#ffe437&#8243;][\/vc_column][vc_column width=\u00bb3\/4&#8243;][vc_custom_heading text=\u00bbCuidadores para personas mayores por horas\u00bb el_class=\u00bbanimated fadeInUp\u00bb][vc_column_text css_animation=\u00bbtop-to-bottom\u00bb]Servicios que se solicitan por un d\u00eda concreto y unas horas concretas. En esta modalidad, enviamos presupuesto previamente y la cantidad a [&hellip;]<\/p>\n","protected":false},"author":1,"featured_media":0,"parent":0,"menu_order":0,"comment_status":"closed","ping_status":"closed","template":"","meta":{"footnotes":""},"class_list":["post-75106","page","type-page","status-publish","hentry"],"yoast_head":"<!-- This site is optimized with the Yoast SEO plugin v27.5 - https:\/\/yoast.com\/product\/yoast-seo-wordpress\/ -->\n<title>Cuidadores para personas mayores en Barcelona - El Ping\u00fc\u00ed Ferm\u00ed<\/title>\n<meta name=\"description\" content=\"Disponemos de diferentes modalidades para la atenci\u00f3n en el domicilio de nuestros cuidadores para personas mayores.\" \/>\n<meta name=\"robots\" content=\"index, follow, max-snippet:-1, max-image-preview:large, max-video-preview:-1\" \/>\n<link rel=\"canonical\" href=\"https:\/\/elpinguifermi.com\/es\/modalidad\/\" \/>\n<meta property=\"og:locale\" content=\"es_ES\" \/>\n<meta property=\"og:type\" content=\"article\" \/>\n<meta property=\"og:title\" content=\"Cuidadores para personas mayores en Barcelona - El Ping\u00fc\u00ed Ferm\u00ed\" \/>\n<meta property=\"og:description\" content=\"Disponemos de diferentes modalidades para la atenci\u00f3n en el domicilio de nuestros cuidadores para personas mayores.\" \/>\n<meta property=\"og:url\" content=\"https:\/\/elpinguifermi.com\/es\/modalidad\/\" \/>\n<meta property=\"og:site_name\" content=\"El Ping\u00fc\u00ed Ferm\u00ed\" \/>\n<meta property=\"article:publisher\" content=\"https:\/\/es-es.facebook.com\/elpinguifermi\/\" \/>\n<meta property=\"article:modified_time\" content=\"2025-04-15T07:36:45+00:00\" \/>\n<meta name=\"twitter:card\" content=\"summary_large_image\" \/>\n<meta name=\"twitter:label1\" content=\"Tiempo de lectura\" \/>\n\t<meta name=\"twitter:data1\" content=\"3 minutos\" \/>\n<script type=\"application\/ld+json\" class=\"yoast-schema-graph\">{\"@context\":\"https:\\\/\\\/schema.org\",\"@graph\":[{\"@type\":\"WebPage\",\"@id\":\"https:\\\/\\\/elpinguifermi.com\\\/es\\\/modalidad\\\/\",\"url\":\"https:\\\/\\\/elpinguifermi.com\\\/es\\\/modalidad\\\/\",\"name\":\"Cuidadores para personas mayores en Barcelona - El Ping\u00fc\u00ed Ferm\u00ed\",\"isPartOf\":{\"@id\":\"https:\\\/\\\/elpinguifermi.com\\\/#website\"},\"datePublished\":\"2016-06-21T15:43:39+00:00\",\"dateModified\":\"2025-04-15T07:36:45+00:00\",\"description\":\"Disponemos de diferentes modalidades para la atenci\u00f3n en el domicilio de nuestros cuidadores para personas mayores.\",\"breadcrumb\":{\"@id\":\"https:\\\/\\\/elpinguifermi.com\\\/es\\\/modalidad\\\/#breadcrumb\"},\"inLanguage\":\"es\",\"potentialAction\":[{\"@type\":\"ReadAction\",\"target\":[\"https:\\\/\\\/elpinguifermi.com\\\/es\\\/modalidad\\\/\"]}]},{\"@type\":\"BreadcrumbList\",\"@id\":\"https:\\\/\\\/elpinguifermi.com\\\/es\\\/modalidad\\\/#breadcrumb\",\"itemListElement\":[{\"@type\":\"ListItem\",\"position\":1,\"name\":\"Inici\",\"item\":\"https:\\\/\\\/elpinguifermi.com\\\/es\\\/\"},{\"@type\":\"ListItem\",\"position\":2,\"name\":\"Modalidades\"}]},{\"@type\":\"WebSite\",\"@id\":\"https:\\\/\\\/elpinguifermi.com\\\/#website\",\"url\":\"https:\\\/\\\/elpinguifermi.com\\\/\",\"name\":\"El Ping\u00fc\u00ed Ferm\u00ed\",\"description\":\"Cuidado de personas mayores en Barcelona\",\"publisher\":{\"@id\":\"https:\\\/\\\/elpinguifermi.com\\\/#organization\"},\"potentialAction\":[{\"@type\":\"SearchAction\",\"target\":{\"@type\":\"EntryPoint\",\"urlTemplate\":\"https:\\\/\\\/elpinguifermi.com\\\/?s={search_term_string}\"},\"query-input\":{\"@type\":\"PropertyValueSpecification\",\"valueRequired\":true,\"valueName\":\"search_term_string\"}}],\"inLanguage\":\"es\"},{\"@type\":\"Organization\",\"@id\":\"https:\\\/\\\/elpinguifermi.com\\\/#organization\",\"name\":\"El Ping\u00fc\u00ed Ferm\u00ed\",\"url\":\"https:\\\/\\\/elpinguifermi.com\\\/\",\"logo\":{\"@type\":\"ImageObject\",\"inLanguage\":\"es\",\"@id\":\"https:\\\/\\\/elpinguifermi.com\\\/#\\\/schema\\\/logo\\\/image\\\/\",\"url\":\"https:\\\/\\\/elpinguifermi.com\\\/wp-content\\\/uploads\\\/2017\\\/04\\\/534422_259454884142056_1906262910_n-1.jpg\",\"contentUrl\":\"https:\\\/\\\/elpinguifermi.com\\\/wp-content\\\/uploads\\\/2017\\\/04\\\/534422_259454884142056_1906262910_n-1.jpg\",\"width\":288,\"height\":289,\"caption\":\"El Ping\u00fc\u00ed Ferm\u00ed\"},\"image\":{\"@id\":\"https:\\\/\\\/elpinguifermi.com\\\/#\\\/schema\\\/logo\\\/image\\\/\"},\"sameAs\":[\"https:\\\/\\\/es-es.facebook.com\\\/elpinguifermi\\\/\",\"https:\\\/\\\/www.instagram.com\\\/fermielpingui\\\/\",\"https:\\\/\\\/es.linkedin.com\\\/in\\\/el-ping\u00fc\u00ed-ferm\u00ed-serveis-s-l-a17a6214a\"]}]}<\/script>\n<!-- \/ Yoast SEO plugin. -->","yoast_head_json":{"title":"Cuidadores para personas mayores en Barcelona - El Ping\u00fc\u00ed Ferm\u00ed","description":"Disponemos de diferentes modalidades para la atenci\u00f3n en el domicilio de nuestros cuidadores para personas mayores.","robots":{"index":"index","follow":"follow","max-snippet":"max-snippet:-1","max-image-preview":"max-image-preview:large","max-video-preview":"max-video-preview:-1"},"canonical":"https:\/\/elpinguifermi.com\/es\/modalidad\/","og_locale":"es_ES","og_type":"article","og_title":"Cuidadores para personas mayores en Barcelona - El Ping\u00fc\u00ed Ferm\u00ed","og_description":"Disponemos de diferentes modalidades para la atenci\u00f3n en el domicilio de nuestros cuidadores para personas mayores.","og_url":"https:\/\/elpinguifermi.com\/es\/modalidad\/","og_site_name":"El Ping\u00fc\u00ed Ferm\u00ed","article_publisher":"https:\/\/es-es.facebook.com\/elpinguifermi\/","article_modified_time":"2025-04-15T07:36:45+00:00","twitter_card":"summary_large_image","twitter_misc":{"Tiempo de lectura":"3 minutos"},"schema":{"@context":"https:\/\/schema.org","@graph":[{"@type":"WebPage","@id":"https:\/\/elpinguifermi.com\/es\/modalidad\/","url":"https:\/\/elpinguifermi.com\/es\/modalidad\/","name":"Cuidadores para personas mayores en Barcelona - El Ping\u00fc\u00ed Ferm\u00ed","isPartOf":{"@id":"https:\/\/elpinguifermi.com\/#website"},"datePublished":"2016-06-21T15:43:39+00:00","dateModified":"2025-04-15T07:36:45+00:00","description":"Disponemos de diferentes modalidades para la atenci\u00f3n en el domicilio de nuestros cuidadores para personas mayores.","breadcrumb":{"@id":"https:\/\/elpinguifermi.com\/es\/modalidad\/#breadcrumb"},"inLanguage":"es","potentialAction":[{"@type":"ReadAction","target":["https:\/\/elpinguifermi.com\/es\/modalidad\/"]}]},{"@type":"BreadcrumbList","@id":"https:\/\/elpinguifermi.com\/es\/modalidad\/#breadcrumb","itemListElement":[{"@type":"ListItem","position":1,"name":"Inici","item":"https:\/\/elpinguifermi.com\/es\/"},{"@type":"ListItem","position":2,"name":"Modalidades"}]},{"@type":"WebSite","@id":"https:\/\/elpinguifermi.com\/#website","url":"https:\/\/elpinguifermi.com\/","name":"El Ping\u00fc\u00ed Ferm\u00ed","description":"Cuidado de personas mayores en Barcelona","publisher":{"@id":"https:\/\/elpinguifermi.com\/#organization"},"potentialAction":[{"@type":"SearchAction","target":{"@type":"EntryPoint","urlTemplate":"https:\/\/elpinguifermi.com\/?s={search_term_string}"},"query-input":{"@type":"PropertyValueSpecification","valueRequired":true,"valueName":"search_term_string"}}],"inLanguage":"es"},{"@type":"Organization","@id":"https:\/\/elpinguifermi.com\/#organization","name":"El Ping\u00fc\u00ed Ferm\u00ed","url":"https:\/\/elpinguifermi.com\/","logo":{"@type":"ImageObject","inLanguage":"es","@id":"https:\/\/elpinguifermi.com\/#\/schema\/logo\/image\/","url":"https:\/\/elpinguifermi.com\/wp-content\/uploads\/2017\/04\/534422_259454884142056_1906262910_n-1.jpg","contentUrl":"https:\/\/elpinguifermi.com\/wp-content\/uploads\/2017\/04\/534422_259454884142056_1906262910_n-1.jpg","width":288,"height":289,"caption":"El Ping\u00fc\u00ed Ferm\u00ed"},"image":{"@id":"https:\/\/elpinguifermi.com\/#\/schema\/logo\/image\/"},"sameAs":["https:\/\/es-es.facebook.com\/elpinguifermi\/","https:\/\/www.instagram.com\/fermielpingui\/","https:\/\/es.linkedin.com\/in\/el-ping\u00fc\u00ed-ferm\u00ed-serveis-s-l-a17a6214a"]}]}},"_links":{"self":[{"href":"https:\/\/elpinguifermi.com\/es\/wp-json\/wp\/v2\/pages\/75106","targetHints":{"allow":["GET"]}}],"collection":[{"href":"https:\/\/elpinguifermi.com\/es\/wp-json\/wp\/v2\/pages"}],"about":[{"href":"https:\/\/elpinguifermi.com\/es\/wp-json\/wp\/v2\/types\/page"}],"author":[{"embeddable":true,"href":"https:\/\/elpinguifermi.com\/es\/wp-json\/wp\/v2\/users\/1"}],"replies":[{"embeddable":true,"href":"https:\/\/elpinguifermi.com\/es\/wp-json\/wp\/v2\/comments?post=75106"}],"version-history":[{"count":3,"href":"https:\/\/elpinguifermi.com\/es\/wp-json\/wp\/v2\/pages\/75106\/revisions"}],"predecessor-version":[{"id":78007,"href":"https:\/\/elpinguifermi.com\/es\/wp-json\/wp\/v2\/pages\/75106\/revisions\/78007"}],"wp:attachment":[{"href":"https:\/\/elpinguifermi.com\/es\/wp-json\/wp\/v2\/media?parent=75106"}],"curies":[{"name":"wp","href":"https:\/\/api.w.org\/{rel}","templated":true}]}}