{"id":75077,"date":"2016-06-21T09:19:49","date_gmt":"2016-06-21T09:19:49","guid":{"rendered":"http:\/\/elpinguifermi.com\/es\/?page_id=75077"},"modified":"2020-10-06T10:49:35","modified_gmt":"2020-10-06T10:49:35","slug":"aviso-legal","status":"publish","type":"page","link":"https:\/\/elpinguifermi.com\/es\/aviso-legal\/","title":{"rendered":"AVISO LEGAL"},"content":{"rendered":"<p>[vc_row][vc_column][vc_custom_heading text=\u00bbCondiciones de uso\u00bb el_class=\u00bbheading-title-3&#8243;][vc_tta_accordion style=\u00bbflat\u00bb shape=\u00bbsquare\u00bb color=\u00bborange\u00bb spacing=\u00bb2&#8243; c_icon=\u00bbtriangle\u00bb active_section=\u00bb39&#8243; no_fill=\u00bbtrue\u00bb collapsible_all=\u00bbtrue\u00bb][vc_tta_section title=\u00bb1) IDENTIDAD DEL TITULAR DE LA WEB\u00bb tab_id=\u00bb1465770110137-bc8eaaf2-af2b\u00bb][vc_column_text]El Ping\u00fc\u00ed Ferm\u00ed S.L\u00a0es una compa\u00f1\u00eda con domicilio en Vilapiscina 65-67 baixos, 08031 Bacelona, CIF B-65706350 e inscrita en el Registro Mercantil de Barcelona, con\u00a0tel\u00e9fono 93 357 27 24 i E-mail: manim@elpinguifermi.com, al Tomo 42921, folio 117, hoja\u00a0419189, inscripci\u00f3n 1.[\/vc_column_text][\/vc_tta_section][vc_tta_section title=\u00bb2) CONDICIONES DE USO Y ACEPTACI\u00d3N\u00bb tab_id=\u00bb1465770110226-bfdaf57c-24f8&#8243;][vc_column_text]Las presentes Condiciones de uso regulan el uso de los servicios que El Ping\u00fci Ferm\u00ed S.L pone gratuitamente a disposici\u00f3n de los Usuarios de la Web www.elpinguifermi.com<\/p>\n<p>La utilizaci\u00f3n de la Web por un tercero le atribuye la condici\u00f3n de Usuario y supone la aceptaci\u00f3n plena por dicho Usuario de todas y cada una de las condiciones que se incorporan al presente Aviso Legal.<\/p>\n<p>El Ping\u00fci Ferm\u00ed SL puede ofrecer a trav\u00e9s del Web, servicios o productos que podr\u00e1n encontrarse sometidos a unas condiciones particulares propias que, seg\u00fan los casos, sustituyen, completan y \/ o modifican las presentes condiciones, y sobre las cuales se informar\u00e1 al Usuario en cada caso concreto.[\/vc_column_text][\/vc_tta_section][vc_tta_section title=\u00bb3) USO CORRECTO DE LA P\u00c1GINA WEB\u00bb tab_id=\u00bb1465770209989-b2e3e55c-e797&#8243;][vc_column_text]El Usuario se compromete a utilizar esta Web, los contenidos y servicios de conformidad con la Ley, las presentes Condiciones de Uso, las buenas costumbres y el orden p\u00fablico. Del mismo modo, el Usuario se obliga a no utilizar esta Web o los servicios que se presentan a trav\u00e9s de ella con fines o efectos il\u00edcitos o contrarios al contenido de las presentes Condiciones de Uso, lesivos o de los intereses o derechos de terceros, o que de cualquier forma puedan hacer da\u00f1o, inutilizar o deteriorar la Web o sus servicios, o impedir un normal disfrute de la Web por otros Usuarios.<\/p>\n<p>Asimismo, el Usuario se compromete expresamente a no destruir, alterar, inutilizar o, de cualquier otro modo, da\u00f1ar los datos, programas o documentos electr\u00f3nicos y dem\u00e1s documentos que se encuentren en la Web de El Ping\u00fci Ferm\u00ed S.L<\/p>\n<p>El Usuario se compromete a no obstaculizar el acceso de otros usuarios al servicio de acceso mediante el consumo masivo de los recursos inform\u00e1ticos a trav\u00e9s de los cuales El Ping\u00fci Ferm\u00ed SL ofrece el servicio, as\u00ed como realizar acciones que da\u00f1en, interrumpan o generen errores en dichos sistemas.<\/p>\n<p>El Usuario se compromete a no introducir programas, virus, macros, applets, controles ActiveX o cualquier otro dispositivo l\u00f3gico o secuencia de caracteres que causen o sean susceptibles de causar cualquier tipo de alteraci\u00f3n en los sistemas inform\u00e1ticos de El Ping\u00fci Ferm\u00edn o de terceros .[\/vc_column_text][\/vc_tta_section][vc_tta_section title=\u00bb4) PUBLICIDAD\u00bb tab_id=\u00bb1465770258177-7c8046fe-bc38&#8243;][vc_column_text]Parte de la Web puede albergar contenidos publicitarios o estar patrocinada. Los anunciantes y patrocinadores son los \u00fanicos responsables de asegurarse que el material remitido para su inclusi\u00f3n en la Web cumple con las leyes que en cada caso pueden ser de aplicaci\u00f3n. El Ping\u00fci Ferm\u00ed S.L no ser\u00e1 responsable de cualquier error, inexactitud o irregularidad que puedan contener los contenidos publicitarios o de los patrocinadores.<\/p>\n<p>En todo caso, para interponer cualquier reclamaci\u00f3n relacionada con los Contenidos publicitarios insertados en la Web pueden dirigirse a la siguiente direcci\u00f3n de correo electr\u00f3nico: manim@elpinguifermi.com[\/vc_column_text][\/vc_tta_section][vc_tta_section title=\u00bb5) PROPIEDAD INTELECTUAL E INDUSTRIAL\u00bb tab_id=\u00bb1465770287403-9bebea4f-03c3&#8243;][vc_column_text]Todos los contenidos de la Web, salvo que se indique lo contrario, son titularidad exclusiva de El Ping\u00fci Ferm\u00ed SL y, con car\u00e1cter enunciativo, que no limitativo, el dise\u00f1o gr\u00e1fico, c\u00f3digo fuente, logos, textos, gr\u00e1ficos, y\u00a0 ilustraciones, fotograf\u00edas y otros elementos que aparecen en la Web.<\/p>\n<p>Del mismo modo, todos los nombres comerciales, marcas o signos distintivos de cualquier clase de contenidos de la Web est\u00e1n protegidos por la Ley.<\/p>\n<p>El Ping\u00fci Ferm\u00ed S.L no concede ning\u00fan tipo de licencia o autorizaci\u00f3n de uso personal al Usuario sobre los Derechos de Propiedad Intel \u2022 intelectual e Industrial o sobre cualquier otro derecho relacionado con su Web y los servicios ofrecidos en la misma.<\/p>\n<p>Por ello, el Usuario reconoce que la reproducci\u00f3n, distribuci\u00f3n, comercializaci\u00f3n, transformaci\u00f3n, y en general, cualquier otra forma de explotaci\u00f3n, por cualquier procedimiento, de todo o parte de los contenidos de esta Web constituye una infracci\u00f3n de los Derechos de Propiedad Intelectual. intelectual y \/ o Industrial de El Ping\u00fcino Ferm\u00ed SL o del titular de los mismos.[\/vc_column_text][\/vc_tta_section][vc_tta_section title=\u00bb6) REGIMEN DE RESPONSABILIDAD\u00bb tab_id=\u00bb1465770312031-0226e641-030a\u00bb][vc_column_text]6.1. El Usuario es el \u00fanico responsable de las infracciones en las que pueda incurrir o de prejuicios que puedan causarse por la utilizaci\u00f3n de la Web, quedando El Ping\u00fci Ferm\u00ed SL, sus socios, colaboradores, empleados y representantes, exentas de cualquier clase de responsabilidad que se pueda derivar por las acciones del Usuario.<\/p>\n<p>El Ping\u00fci Ferm\u00ed SL emplear\u00e1 todos sus esfuerzos y medios razonables para facilitar informaci\u00f3n actualizada y veraz en la Web, sin embargo, el Ping\u00fci Ferm\u00ed SL no asume ninguna garant\u00eda en relaci\u00f3n con la ausencia de errores, o de posibles inexactitudes y \/ u omisiones en ninguno de los contenidos accesibles a trav\u00e9s de esta Web.<\/p>\n<p>El Usuario es el \u00fanico responsable frente a cualquier reclamaci\u00f3n o acci\u00f3n legal, judicial o extrajudicial, iniciada por terceras personas contra El Ping\u00fci Ferm\u00ed S.L basada en la utilizaci\u00f3n por el Usuario de la Web. En este caso, el Usuario asumir\u00e1 cuantos gastos, costes e indemnizaciones sean establecidos en El Ping\u00fci Ferm\u00ed S.L con motivo de tales reclamaciones o acciones legales.<\/p>\n<p>6.2. Responsabilidad por el funcionamiento de la Web<\/p>\n<p>El Ping\u00fci Ferm\u00ed S.L excluye toda responsabilidad que se pueda derivar de interferencias, omisiones, interrupciones, virus inform\u00e1ticos, aver\u00edas telef\u00f3nicas o desconexiones en el funcionamiento operativo del sistema electr\u00f3nico, motivado por causas ajenas a El Ping\u00fci Ferm\u00ed S.L.<\/p>\n<p>Asimismo, El Ping\u00fci Ferm\u00ed S.L. tambi\u00e9n excluye cualquier responsabilidad que pudiera derivarse por retrasos o bloqueos en el funcionamiento operativo de este sistema electr\u00f3nico causado por deficiencias o sobre carga en las l\u00edneas telef\u00f3nicas o en Internet, as\u00ed como los da\u00f1os causados por terceras personas mediante intromisiones ileg\u00edtimas fuera del control de El Ping\u00fci Ferm\u00ed SL<\/p>\n<p>El Ping\u00fci Ferm\u00ed S.L. est\u00e1 facultada para suspender temporalmente y sin previo aviso, la accesibilidad a la Web con motivos de operaciones de mantenimiento, reparaci\u00f3n, actualizaci\u00f3n o mejora.<\/p>\n<p>6.3. Responsabilidad por los enlaces<\/p>\n<p>Los enlaces o links contenidos en la Web pueden conducir al Usuario a otras p\u00e1ginas Web gestionados por terceros.<\/p>\n<p>El Ping\u00fci Ferm\u00ed SL declina cualquier responsabilidad respecto a la informaci\u00f3n que se encuentre fuera de su Web, ya que la funci\u00f3n de los enlaces que aparecen es \u00fanicamente la de informar al Usuario sobre la existencia de otras fuentes de informaci\u00f3n sobre un tema concreto.<\/p>\n<p>El Ping\u00fci Ferm\u00ed SL queda exenta de toda responsabilidad por el correcto funcionamiento de tales enlaces, del resultado obtenido a trav\u00e9s de estos, de la veracidad y licitud del contenido o informaci\u00f3n a la que se pueda acceder, as\u00ed como de los perjuicios que pueda sufrir el Usuario en virtud de la informaci\u00f3n encontrada en la Web enlazada.[\/vc_column_text][\/vc_tta_section][vc_tta_section title=\u00bb7) POL\u00cdTICA RESPECTO A LOS DATOS PERSONALES OBTENIDOS A TRAV\u00c9S DE LA WEB\u00bb tab_id=\u00bb1465770350833-9829883d-ad6e\u00bb][vc_column_text]7.1 A trav\u00e9s de formularios<\/p>\n<p>Sin perjuicio de lo indicado en cada uno de los formularios de la Web, cuando el Usuario facilite sus datos de car\u00e1cter personal est\u00e1 autorizando expresamente a El Ping\u00fci Ferm\u00ed SL al tratamiento de sus datos personales para finalidades que en los mismos quedan indicadas. El Ping\u00fci Ferm\u00ed S.L incorporar\u00e1 los datos facilitados por el Usuario a un fichero titularidad de la misma.<\/p>\n<p>El Usuario o representante podr\u00e1n ejercer sus derechos de acceso, rectificaci\u00f3n, cancelaci\u00f3n, oposici\u00f3n y revocaci\u00f3n del consentimiento, mediante una solicitud escrita a trav\u00e9s de los enlaces habilitados o bien dirigi\u00e9ndose directamente a El Ping\u00fci Ferm\u00ed a trav\u00e9s de correo electr\u00f3nico (manim@elpinguifermi.com) o bien por correo convencional a la direcci\u00f3n: C\/ Dr. Roux, 15 bajos, 08017\u00a0<span class=\"post-code\">(Les Tres Torres) Barcelona<\/span>.<\/p>\n<p>7.2 Confidencialidad<\/p>\n<p>El Ping\u00fci Ferm\u00ed SL se compromete al cumplimiento de su obligaci\u00f3n de secreto de los datos de car\u00e1cter personal y de su deber de guardarlos de forma confidencial y adoptar\u00e1 las medidas necesarias para evitar su alteraci\u00f3n, p\u00e9rdida, tratamiento o acceso no autorizado , teniendo en cuenta en todo momento del estado de la tecnolog\u00eda.[\/vc_column_text][\/vc_tta_section][vc_tta_section title=\u00bb8) OBSERVACIONES DEL USUARIO\u00bb tab_id=\u00bb1465770380908-de79d299-cc30&#8243;][vc_column_text]El Usuario garantiza que la informaci\u00f3n, material, contenidos u observaciones que no sean sus propios datos personales y que sean facilitados a El Ping\u00fci Ferm\u00ed SL a trav\u00e9s de la Web, no infringen los Derechos de Propiedad intelectual o industrial de terceros, ni ninguna otra disposici\u00f3n legal.<\/p>\n<p>La informaci\u00f3n, materiales, contenidos u observaciones que el Usuario facilita a El Ping\u00fci Ferm\u00edn S.L se considerar\u00e1n no confidenciales, reserv\u00e1ndose El Ping\u00fci Ferm\u00ed S.L el derecho a usarlas de la forma que considere m\u00e1s adecuada.[\/vc_column_text][\/vc_tta_section][vc_tta_section title=\u00bb9) MODIFICACIONES DE LAS CONDICIONES DE USO\u00bb tab_id=\u00bb1465770408545-7ad739e5-330c\u00bb][vc_column_text]El Ping\u00fci Ferm\u00ed S.L se reserva el derecho a modificar, desarrollar o actualizar en cualquier momento y sin previa notificaci\u00f3n, las Condiciones de Uso de la presente Web. El Usuario quedar\u00e1 obligado autom\u00e1ticamente por las Condiciones de Uso que est\u00e9n vigentes en el momento en que acceda a la Web, por lo que deber\u00e1 leer peri\u00f3dicamente dichas condiciones de uso.[\/vc_column_text][\/vc_tta_section][vc_tta_section title=\u00bb10) LEGISLACI\u00d3 APLICABLE Y COMPETENCIA JURISDICCIONAL\u00bb tab_id=\u00bb1465770430941-2c0694e9-080d\u00bb][vc_column_text]Todas las controversias o reclamaciones surgidas de la interpretaci\u00f3n o ejecuci\u00f3n de las presentes Condiciones de Uso se regir\u00e1n por la legislaci\u00f3n espa\u00f1ola, y se someter\u00e1n a la jurisdicci\u00f3n de los Juzgados y Tribunales de Barcelona.[\/vc_column_text][\/vc_tta_section][\/vc_tta_accordion][vc_empty_space][\/vc_column][\/vc_row]<\/p>\n","protected":false},"excerpt":{"rendered":"<p>[vc_row][vc_column][vc_custom_heading text=\u00bbCondiciones de uso\u00bb el_class=\u00bbheading-title-3&#8243;][vc_tta_accordion style=\u00bbflat\u00bb shape=\u00bbsquare\u00bb color=\u00bborange\u00bb spacing=\u00bb2&#8243; c_icon=\u00bbtriangle\u00bb active_section=\u00bb39&#8243; no_fill=\u00bbtrue\u00bb collapsible_all=\u00bbtrue\u00bb][vc_tta_section title=\u00bb1) IDENTIDAD DEL TITULAR DE LA WEB\u00bb tab_id=\u00bb1465770110137-bc8eaaf2-af2b\u00bb][vc_column_text]El Ping\u00fc\u00ed Ferm\u00ed S.L\u00a0es una compa\u00f1\u00eda con domicilio en Vilapiscina 65-67 baixos, 08031 Bacelona, CIF B-65706350 e inscrita en el Registro Mercantil de Barcelona, con\u00a0tel\u00e9fono 93 357 27 24 i E-mail: manim@elpinguifermi.com, al Tomo 42921, [&hellip;]<\/p>\n","protected":false},"author":1,"featured_media":0,"parent":0,"menu_order":0,"comment_status":"closed","ping_status":"closed","template":"","meta":{"footnotes":""},"class_list":["post-75077","page","type-page","status-publish","hentry"],"yoast_head":"<!-- This site is optimized with the Yoast SEO plugin v27.4 - https:\/\/yoast.com\/product\/yoast-seo-wordpress\/ -->\n<title>AVISO LEGAL - El Ping\u00fc\u00ed Ferm\u00ed<\/title>\n<meta name=\"robots\" content=\"index, follow, max-snippet:-1, max-image-preview:large, max-video-preview:-1\" \/>\n<link rel=\"canonical\" href=\"https:\/\/elpinguifermi.com\/es\/aviso-legal\/\" \/>\n<meta property=\"og:locale\" content=\"es_ES\" \/>\n<meta property=\"og:type\" content=\"article\" \/>\n<meta property=\"og:title\" content=\"AVISO LEGAL - El Ping\u00fc\u00ed Ferm\u00ed\" \/>\n<meta property=\"og:description\" content=\"[vc_row][vc_column][vc_custom_heading text=\u00bbCondiciones de uso\u00bb el_class=\u00bbheading-title-3&#8243;][vc_tta_accordion style=\u00bbflat\u00bb shape=\u00bbsquare\u00bb color=\u00bborange\u00bb spacing=\u00bb2&#8243; c_icon=\u00bbtriangle\u00bb active_section=\u00bb39&#8243; no_fill=\u00bbtrue\u00bb collapsible_all=\u00bbtrue\u00bb][vc_tta_section title=\u00bb1) IDENTIDAD DEL TITULAR DE LA WEB\u00bb tab_id=\u00bb1465770110137-bc8eaaf2-af2b\u00bb][vc_column_text]El Ping\u00fc\u00ed Ferm\u00ed S.L\u00a0es una compa\u00f1\u00eda con domicilio en Vilapiscina 65-67 baixos, 08031 Bacelona, CIF B-65706350 e inscrita en el Registro Mercantil de Barcelona, con\u00a0tel\u00e9fono 93 357 27 24 i E-mail: manim@elpinguifermi.com, al Tomo 42921, [&hellip;]\" \/>\n<meta property=\"og:url\" content=\"https:\/\/elpinguifermi.com\/es\/aviso-legal\/\" \/>\n<meta property=\"og:site_name\" content=\"El Ping\u00fc\u00ed Ferm\u00ed\" \/>\n<meta property=\"article:publisher\" content=\"https:\/\/es-es.facebook.com\/elpinguifermi\/\" \/>\n<meta property=\"article:modified_time\" content=\"2020-10-06T10:49:35+00:00\" \/>\n<meta name=\"twitter:card\" content=\"summary_large_image\" \/>\n<meta name=\"twitter:label1\" content=\"Tiempo de lectura\" \/>\n\t<meta name=\"twitter:data1\" content=\"9 minutos\" \/>\n<script type=\"application\/ld+json\" class=\"yoast-schema-graph\">{\"@context\":\"https:\\\/\\\/schema.org\",\"@graph\":[{\"@type\":\"WebPage\",\"@id\":\"https:\\\/\\\/elpinguifermi.com\\\/es\\\/aviso-legal\\\/\",\"url\":\"https:\\\/\\\/elpinguifermi.com\\\/es\\\/aviso-legal\\\/\",\"name\":\"AVISO LEGAL - El Ping\u00fc\u00ed Ferm\u00ed\",\"isPartOf\":{\"@id\":\"https:\\\/\\\/elpinguifermi.com\\\/#website\"},\"datePublished\":\"2016-06-21T09:19:49+00:00\",\"dateModified\":\"2020-10-06T10:49:35+00:00\",\"breadcrumb\":{\"@id\":\"https:\\\/\\\/elpinguifermi.com\\\/es\\\/aviso-legal\\\/#breadcrumb\"},\"inLanguage\":\"es\",\"potentialAction\":[{\"@type\":\"ReadAction\",\"target\":[\"https:\\\/\\\/elpinguifermi.com\\\/es\\\/aviso-legal\\\/\"]}]},{\"@type\":\"BreadcrumbList\",\"@id\":\"https:\\\/\\\/elpinguifermi.com\\\/es\\\/aviso-legal\\\/#breadcrumb\",\"itemListElement\":[{\"@type\":\"ListItem\",\"position\":1,\"name\":\"Inici\",\"item\":\"https:\\\/\\\/elpinguifermi.com\\\/es\\\/\"},{\"@type\":\"ListItem\",\"position\":2,\"name\":\"AVISO LEGAL\"}]},{\"@type\":\"WebSite\",\"@id\":\"https:\\\/\\\/elpinguifermi.com\\\/#website\",\"url\":\"https:\\\/\\\/elpinguifermi.com\\\/\",\"name\":\"El Ping\u00fc\u00ed Ferm\u00ed\",\"description\":\"Cuidado de personas mayores en Barcelona\",\"publisher\":{\"@id\":\"https:\\\/\\\/elpinguifermi.com\\\/#organization\"},\"potentialAction\":[{\"@type\":\"SearchAction\",\"target\":{\"@type\":\"EntryPoint\",\"urlTemplate\":\"https:\\\/\\\/elpinguifermi.com\\\/?s={search_term_string}\"},\"query-input\":{\"@type\":\"PropertyValueSpecification\",\"valueRequired\":true,\"valueName\":\"search_term_string\"}}],\"inLanguage\":\"es\"},{\"@type\":\"Organization\",\"@id\":\"https:\\\/\\\/elpinguifermi.com\\\/#organization\",\"name\":\"El Ping\u00fc\u00ed Ferm\u00ed\",\"url\":\"https:\\\/\\\/elpinguifermi.com\\\/\",\"logo\":{\"@type\":\"ImageObject\",\"inLanguage\":\"es\",\"@id\":\"https:\\\/\\\/elpinguifermi.com\\\/#\\\/schema\\\/logo\\\/image\\\/\",\"url\":\"https:\\\/\\\/elpinguifermi.com\\\/wp-content\\\/uploads\\\/2017\\\/04\\\/534422_259454884142056_1906262910_n-1.jpg\",\"contentUrl\":\"https:\\\/\\\/elpinguifermi.com\\\/wp-content\\\/uploads\\\/2017\\\/04\\\/534422_259454884142056_1906262910_n-1.jpg\",\"width\":288,\"height\":289,\"caption\":\"El Ping\u00fc\u00ed Ferm\u00ed\"},\"image\":{\"@id\":\"https:\\\/\\\/elpinguifermi.com\\\/#\\\/schema\\\/logo\\\/image\\\/\"},\"sameAs\":[\"https:\\\/\\\/es-es.facebook.com\\\/elpinguifermi\\\/\",\"https:\\\/\\\/www.instagram.com\\\/fermielpingui\\\/\",\"https:\\\/\\\/es.linkedin.com\\\/in\\\/el-ping\u00fc\u00ed-ferm\u00ed-serveis-s-l-a17a6214a\"]}]}<\/script>\n<!-- \/ Yoast SEO plugin. -->","yoast_head_json":{"title":"AVISO LEGAL - El Ping\u00fc\u00ed Ferm\u00ed","robots":{"index":"index","follow":"follow","max-snippet":"max-snippet:-1","max-image-preview":"max-image-preview:large","max-video-preview":"max-video-preview:-1"},"canonical":"https:\/\/elpinguifermi.com\/es\/aviso-legal\/","og_locale":"es_ES","og_type":"article","og_title":"AVISO LEGAL - El Ping\u00fc\u00ed Ferm\u00ed","og_description":"[vc_row][vc_column][vc_custom_heading text=\u00bbCondiciones de uso\u00bb el_class=\u00bbheading-title-3&#8243;][vc_tta_accordion style=\u00bbflat\u00bb shape=\u00bbsquare\u00bb color=\u00bborange\u00bb spacing=\u00bb2&#8243; c_icon=\u00bbtriangle\u00bb active_section=\u00bb39&#8243; no_fill=\u00bbtrue\u00bb collapsible_all=\u00bbtrue\u00bb][vc_tta_section title=\u00bb1) IDENTIDAD DEL TITULAR DE LA WEB\u00bb tab_id=\u00bb1465770110137-bc8eaaf2-af2b\u00bb][vc_column_text]El Ping\u00fc\u00ed Ferm\u00ed S.L\u00a0es una compa\u00f1\u00eda con domicilio en Vilapiscina 65-67 baixos, 08031 Bacelona, CIF B-65706350 e inscrita en el Registro Mercantil de Barcelona, con\u00a0tel\u00e9fono 93 357 27 24 i E-mail: manim@elpinguifermi.com, al Tomo 42921, [&hellip;]","og_url":"https:\/\/elpinguifermi.com\/es\/aviso-legal\/","og_site_name":"El Ping\u00fc\u00ed Ferm\u00ed","article_publisher":"https:\/\/es-es.facebook.com\/elpinguifermi\/","article_modified_time":"2020-10-06T10:49:35+00:00","twitter_card":"summary_large_image","twitter_misc":{"Tiempo de lectura":"9 minutos"},"schema":{"@context":"https:\/\/schema.org","@graph":[{"@type":"WebPage","@id":"https:\/\/elpinguifermi.com\/es\/aviso-legal\/","url":"https:\/\/elpinguifermi.com\/es\/aviso-legal\/","name":"AVISO LEGAL - El Ping\u00fc\u00ed Ferm\u00ed","isPartOf":{"@id":"https:\/\/elpinguifermi.com\/#website"},"datePublished":"2016-06-21T09:19:49+00:00","dateModified":"2020-10-06T10:49:35+00:00","breadcrumb":{"@id":"https:\/\/elpinguifermi.com\/es\/aviso-legal\/#breadcrumb"},"inLanguage":"es","potentialAction":[{"@type":"ReadAction","target":["https:\/\/elpinguifermi.com\/es\/aviso-legal\/"]}]},{"@type":"BreadcrumbList","@id":"https:\/\/elpinguifermi.com\/es\/aviso-legal\/#breadcrumb","itemListElement":[{"@type":"ListItem","position":1,"name":"Inici","item":"https:\/\/elpinguifermi.com\/es\/"},{"@type":"ListItem","position":2,"name":"AVISO LEGAL"}]},{"@type":"WebSite","@id":"https:\/\/elpinguifermi.com\/#website","url":"https:\/\/elpinguifermi.com\/","name":"El Ping\u00fc\u00ed Ferm\u00ed","description":"Cuidado de personas mayores en Barcelona","publisher":{"@id":"https:\/\/elpinguifermi.com\/#organization"},"potentialAction":[{"@type":"SearchAction","target":{"@type":"EntryPoint","urlTemplate":"https:\/\/elpinguifermi.com\/?s={search_term_string}"},"query-input":{"@type":"PropertyValueSpecification","valueRequired":true,"valueName":"search_term_string"}}],"inLanguage":"es"},{"@type":"Organization","@id":"https:\/\/elpinguifermi.com\/#organization","name":"El Ping\u00fc\u00ed Ferm\u00ed","url":"https:\/\/elpinguifermi.com\/","logo":{"@type":"ImageObject","inLanguage":"es","@id":"https:\/\/elpinguifermi.com\/#\/schema\/logo\/image\/","url":"https:\/\/elpinguifermi.com\/wp-content\/uploads\/2017\/04\/534422_259454884142056_1906262910_n-1.jpg","contentUrl":"https:\/\/elpinguifermi.com\/wp-content\/uploads\/2017\/04\/534422_259454884142056_1906262910_n-1.jpg","width":288,"height":289,"caption":"El Ping\u00fc\u00ed Ferm\u00ed"},"image":{"@id":"https:\/\/elpinguifermi.com\/#\/schema\/logo\/image\/"},"sameAs":["https:\/\/es-es.facebook.com\/elpinguifermi\/","https:\/\/www.instagram.com\/fermielpingui\/","https:\/\/es.linkedin.com\/in\/el-ping\u00fc\u00ed-ferm\u00ed-serveis-s-l-a17a6214a"]}]}},"_links":{"self":[{"href":"https:\/\/elpinguifermi.com\/es\/wp-json\/wp\/v2\/pages\/75077","targetHints":{"allow":["GET"]}}],"collection":[{"href":"https:\/\/elpinguifermi.com\/es\/wp-json\/wp\/v2\/pages"}],"about":[{"href":"https:\/\/elpinguifermi.com\/es\/wp-json\/wp\/v2\/types\/page"}],"author":[{"embeddable":true,"href":"https:\/\/elpinguifermi.com\/es\/wp-json\/wp\/v2\/users\/1"}],"replies":[{"embeddable":true,"href":"https:\/\/elpinguifermi.com\/es\/wp-json\/wp\/v2\/comments?post=75077"}],"version-history":[{"count":0,"href":"https:\/\/elpinguifermi.com\/es\/wp-json\/wp\/v2\/pages\/75077\/revisions"}],"wp:attachment":[{"href":"https:\/\/elpinguifermi.com\/es\/wp-json\/wp\/v2\/media?parent=75077"}],"curies":[{"name":"wp","href":"https:\/\/api.w.org\/{rel}","templated":true}]}}