{"id":75068,"date":"2015-05-28T14:54:07","date_gmt":"2015-05-28T07:54:07","guid":{"rendered":"http:\/\/elpinguifermi.com\/es\/el-pingui-fermi\/"},"modified":"2025-02-03T13:36:06","modified_gmt":"2025-02-03T12:36:06","slug":"quienes-somos","status":"publish","type":"page","link":"https:\/\/elpinguifermi.com\/es\/quienes-somos\/","title":{"rendered":"QUI\u00c9NES SOMOS"},"content":{"rendered":"<p>[vc_row css=\u00bb.vc_custom_1433564288626{margin-top: 20px !important;margin-bottom: 70px !important;}\u00bb][vc_column width=\u00bb1\/2&#8243;][vc_custom_heading text=\u00bbEL PING\u00dc\u00cd FERM\u00cd\u00bb font_container=\u00bbtag:h2|font_size:20|text_align:left\u00bb el_class=\u00bbheading-title-3&#8243;][vc_column_text css_animation=\u00bbleft-to-right\u00bb]<\/p>\n<h2>\u00bfBuscas cuidadoras de personas mayores a domicilio en Barcelona?<\/h2>\n<p>Un buen servicio se caracteriza por la voluntad de estar siempre atento a cualquier necesidad, a fin de dar respuesta y hacer as\u00ed la vida m\u00e1s f\u00e1cil a los dem\u00e1s. Este es el esp\u00edritu de El Ping\u00fc\u00ed Ferm\u00ed; la voluntad de servicio y el firme prop\u00f3sito de mejorar la calidad de vida de nuestros clientes.\u00a0Gracias a nuestro equipo de cuidadoras de personas mayores a domicilio en Barcelona, usted puede confiar plenamente en que sus seres queridos estar\u00e1n en buenas manos.[\/vc_column_text][vc_column_text css_animation=\u00bbleft-to-right\u00bb]<\/p>\n<p><strong>Para su tranquilidad, El Ping\u00fc\u00ed Ferm\u00ed Serveis es una empresa acreditada por la Generalitat de Catalunya, N\u00ba S08302, garantizando que actuamos dentro del marco de la legalidad.<\/strong>[\/vc_column_text][\/vc_column][vc_column width=\u00bb1\/2&#8243;][vc_images_carousel images=\u00bb74925,74926,74927,74928,75311&#8243; img_size=\u00bbfull\u00bb onclick=\u00bblink_no\u00bb speed=\u00bb3000&#8243; autoplay=\u00bbyes\u00bb hide_pagination_control=\u00bbyes\u00bb wrap=\u00bbyes\u00bb][\/vc_column][\/vc_row][vc_row][vc_column el_class=\u00bbtxt-center\u00bb][vc_custom_heading text=\u00bbSERVICIOS QUE PUEDES CONTRATAR\u00bb font_container=\u00bbtag:h2|font_size:20|text_align:center\u00bb el_class=\u00bbheading-title-3&#8243;][\/vc_column][\/vc_row][vc_row css=\u00bb.vc_custom_1465758647826{padding-top: 10px !important;}\u00bb][vc_column width=\u00bb1\/3&#8243;][vc_icon icon_fontawesome=\u00bbfa fa-heart-o\u00bb color=\u00bbcustom\u00bb size=\u00bbxl\u00bb align=\u00bbcenter\u00bb css_animation=\u00bbappear\u00bb custom_color=\u00bb#ffe437&#8243; link=\u00bb||\u00bb][vc_column_text css_animation=\u00bbbottom-to-top\u00bb]<\/p>\n<h2 style=\"text-align: center;\"><a href=\"https:\/\/elpinguifermi.com\/es\/servicios\/cuidado-a-personas-mayores-barcelona\/\">Cuidado de gente mayor a domicilio<\/a><\/h2>\n<p style=\"text-align: center;\">Cuidadoras de personas mayores y<br \/>\npersonas con discapacidades a domicilio<\/p>\n<p>[\/vc_column_text][\/vc_column][vc_column width=\u00bb1\/3&#8243;][vc_icon icon_fontawesome=\u00bbfa fa-home\u00bb color=\u00bbcustom\u00bb size=\u00bbxl\u00bb align=\u00bbcenter\u00bb css_animation=\u00bbappear\u00bb custom_color=\u00bb#ffe437&#8243; link=\u00bb||\u00bb][vc_column_text css_animation=\u00bbbottom-to-top\u00bb]<\/p>\n<h2 style=\"text-align: center;\"><a href=\"https:\/\/elpinguifermi.com\/es\/servicios\/servicio-de-limpieza-a-particulares\/\">Servicios de limpieza a domicilio<\/a><\/h2>\n<p style=\"text-align: center;\">Personal de limpieza<br \/>\nPersonal para el hogar: planchadoras, costureras,<br \/>\njardineros, ch\u00f3feres<\/p>\n<p>[\/vc_column_text][\/vc_column][vc_column width=\u00bb1\/3&#8243;][vc_icon icon_fontawesome=\u00bbfa fa-child\u00bb color=\u00bbcustom\u00bb size=\u00bbxl\u00bb align=\u00bbcenter\u00bb css_animation=\u00bbappear\u00bb custom_color=\u00bb#ffe437&#8243; link=\u00bb||\u00bb][vc_column_text css_animation=\u00bbbottom-to-top\u00bb]<\/p>\n<h2 style=\"text-align: center;\"><a href=\"https:\/\/elpinguifermi.com\/es\/servicios\/servicio-de-canguro-para-ninos-y-bebes\/\">Servicio de canguro<\/a><\/h2>\n<p style=\"text-align: center;\">Facilitamos la conciliaci\u00f3n de la vida<\/p>\n<p style=\"text-align: center;\">familiar y laboral<\/p>\n<p>[\/vc_column_text][\/vc_column][\/vc_row][vc_row][vc_column css=\u00bb.vc_custom_1713873133566{margin-top: 3% !important;}\u00bb][vc_column_text css_animation=\u00bbleft-to-right\u00bb]<\/p>\n<h2 style=\"text-align: center;\"><a href=\"https:\/\/elpinguifermi.com\/es\/servicios\/\">\u00a1Y otros servicios m\u00e1s!<\/a><\/h2>\n<p>[\/vc_column_text][vc_btn title=\u00bbSolicita M\u00e1s Informaci\u00f3n\u00bb size=\u00bblg\u00bb align=\u00bbcenter\u00bb css=\u00bb.vc_custom_1713873157847{margin-top: 4% !important;margin-bottom: 3% !important;}\u00bb link=\u00bburl:https%3A%2F%2Felpinguifermi.com%2Fes%2Fcontacto%2F||\u00bb][\/vc_column][\/vc_row][vc_row][vc_column][\/vc_column][\/vc_row]<\/p>\n","protected":false},"excerpt":{"rendered":"<p>[vc_row css=\u00bb.vc_custom_1433564288626{margin-top: 20px !important;margin-bottom: 70px !important;}\u00bb][vc_column width=\u00bb1\/2&#8243;][vc_custom_heading text=\u00bbEL PING\u00dc\u00cd FERM\u00cd\u00bb font_container=\u00bbtag:h2|font_size:20|text_align:left\u00bb el_class=\u00bbheading-title-3&#8243;][vc_column_text css_animation=\u00bbleft-to-right\u00bb] \u00bfBuscas cuidadoras de personas mayores a domicilio en Barcelona? Un buen servicio se caracteriza por la voluntad de estar siempre atento a cualquier necesidad, a fin de dar respuesta y hacer as\u00ed la vida m\u00e1s f\u00e1cil a los dem\u00e1s. Este es el [&hellip;]<\/p>\n","protected":false},"author":1,"featured_media":0,"parent":0,"menu_order":0,"comment_status":"closed","ping_status":"closed","template":"","meta":{"footnotes":""},"class_list":["post-75068","page","type-page","status-publish","hentry"],"yoast_head":"<!-- This site is optimized with the Yoast SEO plugin v27.4 - https:\/\/yoast.com\/product\/yoast-seo-wordpress\/ -->\n<title>Cuidadoras personas mayores a domicilio Barcelona - El Ping\u00fc\u00ed Ferm\u00ed<\/title>\n<meta name=\"description\" content=\"Asistencia a domicilio mediante cuidadoras de personas mayores en Barcelona. Mejoramos la calidad de vida de nuestros abuelos.\" \/>\n<meta name=\"robots\" content=\"index, follow, max-snippet:-1, max-image-preview:large, max-video-preview:-1\" \/>\n<link rel=\"canonical\" href=\"https:\/\/elpinguifermi.com\/es\/quienes-somos\/\" \/>\n<meta property=\"og:locale\" content=\"es_ES\" \/>\n<meta property=\"og:type\" content=\"article\" \/>\n<meta property=\"og:title\" content=\"Cuidadoras personas mayores a domicilio Barcelona - El Ping\u00fc\u00ed Ferm\u00ed\" \/>\n<meta property=\"og:description\" content=\"Asistencia a domicilio mediante cuidadoras de personas mayores en Barcelona. Mejoramos la calidad de vida de nuestros abuelos.\" \/>\n<meta property=\"og:url\" content=\"https:\/\/elpinguifermi.com\/es\/quienes-somos\/\" \/>\n<meta property=\"og:site_name\" content=\"El Ping\u00fc\u00ed Ferm\u00ed\" \/>\n<meta property=\"article:publisher\" content=\"https:\/\/es-es.facebook.com\/elpinguifermi\/\" \/>\n<meta property=\"article:modified_time\" content=\"2025-02-03T12:36:06+00:00\" \/>\n<meta name=\"twitter:card\" content=\"summary_large_image\" \/>\n<meta name=\"twitter:label1\" content=\"Tiempo de lectura\" \/>\n\t<meta name=\"twitter:data1\" content=\"2 minutos\" \/>\n<script type=\"application\/ld+json\" class=\"yoast-schema-graph\">{\"@context\":\"https:\\\/\\\/schema.org\",\"@graph\":[{\"@type\":\"WebPage\",\"@id\":\"https:\\\/\\\/elpinguifermi.com\\\/es\\\/quienes-somos\\\/\",\"url\":\"https:\\\/\\\/elpinguifermi.com\\\/es\\\/quienes-somos\\\/\",\"name\":\"Cuidadoras personas mayores a domicilio Barcelona - El Ping\u00fc\u00ed Ferm\u00ed\",\"isPartOf\":{\"@id\":\"https:\\\/\\\/elpinguifermi.com\\\/#website\"},\"datePublished\":\"2015-05-28T07:54:07+00:00\",\"dateModified\":\"2025-02-03T12:36:06+00:00\",\"description\":\"Asistencia a domicilio mediante cuidadoras de personas mayores en Barcelona. Mejoramos la calidad de vida de nuestros abuelos.\",\"breadcrumb\":{\"@id\":\"https:\\\/\\\/elpinguifermi.com\\\/es\\\/quienes-somos\\\/#breadcrumb\"},\"inLanguage\":\"es\",\"potentialAction\":[{\"@type\":\"ReadAction\",\"target\":[\"https:\\\/\\\/elpinguifermi.com\\\/es\\\/quienes-somos\\\/\"]}]},{\"@type\":\"BreadcrumbList\",\"@id\":\"https:\\\/\\\/elpinguifermi.com\\\/es\\\/quienes-somos\\\/#breadcrumb\",\"itemListElement\":[{\"@type\":\"ListItem\",\"position\":1,\"name\":\"Inici\",\"item\":\"https:\\\/\\\/elpinguifermi.com\\\/es\\\/\"},{\"@type\":\"ListItem\",\"position\":2,\"name\":\"QUI\u00c9NES SOMOS\"}]},{\"@type\":\"WebSite\",\"@id\":\"https:\\\/\\\/elpinguifermi.com\\\/#website\",\"url\":\"https:\\\/\\\/elpinguifermi.com\\\/\",\"name\":\"El Ping\u00fc\u00ed Ferm\u00ed\",\"description\":\"Cuidado de personas mayores en Barcelona\",\"publisher\":{\"@id\":\"https:\\\/\\\/elpinguifermi.com\\\/#organization\"},\"potentialAction\":[{\"@type\":\"SearchAction\",\"target\":{\"@type\":\"EntryPoint\",\"urlTemplate\":\"https:\\\/\\\/elpinguifermi.com\\\/?s={search_term_string}\"},\"query-input\":{\"@type\":\"PropertyValueSpecification\",\"valueRequired\":true,\"valueName\":\"search_term_string\"}}],\"inLanguage\":\"es\"},{\"@type\":\"Organization\",\"@id\":\"https:\\\/\\\/elpinguifermi.com\\\/#organization\",\"name\":\"El Ping\u00fc\u00ed Ferm\u00ed\",\"url\":\"https:\\\/\\\/elpinguifermi.com\\\/\",\"logo\":{\"@type\":\"ImageObject\",\"inLanguage\":\"es\",\"@id\":\"https:\\\/\\\/elpinguifermi.com\\\/#\\\/schema\\\/logo\\\/image\\\/\",\"url\":\"https:\\\/\\\/elpinguifermi.com\\\/wp-content\\\/uploads\\\/2017\\\/04\\\/534422_259454884142056_1906262910_n-1.jpg\",\"contentUrl\":\"https:\\\/\\\/elpinguifermi.com\\\/wp-content\\\/uploads\\\/2017\\\/04\\\/534422_259454884142056_1906262910_n-1.jpg\",\"width\":288,\"height\":289,\"caption\":\"El Ping\u00fc\u00ed Ferm\u00ed\"},\"image\":{\"@id\":\"https:\\\/\\\/elpinguifermi.com\\\/#\\\/schema\\\/logo\\\/image\\\/\"},\"sameAs\":[\"https:\\\/\\\/es-es.facebook.com\\\/elpinguifermi\\\/\",\"https:\\\/\\\/www.instagram.com\\\/fermielpingui\\\/\",\"https:\\\/\\\/es.linkedin.com\\\/in\\\/el-ping\u00fc\u00ed-ferm\u00ed-serveis-s-l-a17a6214a\"]}]}<\/script>\n<!-- \/ Yoast SEO plugin. -->","yoast_head_json":{"title":"Cuidadoras personas mayores a domicilio Barcelona - El Ping\u00fc\u00ed Ferm\u00ed","description":"Asistencia a domicilio mediante cuidadoras de personas mayores en Barcelona. Mejoramos la calidad de vida de nuestros abuelos.","robots":{"index":"index","follow":"follow","max-snippet":"max-snippet:-1","max-image-preview":"max-image-preview:large","max-video-preview":"max-video-preview:-1"},"canonical":"https:\/\/elpinguifermi.com\/es\/quienes-somos\/","og_locale":"es_ES","og_type":"article","og_title":"Cuidadoras personas mayores a domicilio Barcelona - El Ping\u00fc\u00ed Ferm\u00ed","og_description":"Asistencia a domicilio mediante cuidadoras de personas mayores en Barcelona. Mejoramos la calidad de vida de nuestros abuelos.","og_url":"https:\/\/elpinguifermi.com\/es\/quienes-somos\/","og_site_name":"El Ping\u00fc\u00ed Ferm\u00ed","article_publisher":"https:\/\/es-es.facebook.com\/elpinguifermi\/","article_modified_time":"2025-02-03T12:36:06+00:00","twitter_card":"summary_large_image","twitter_misc":{"Tiempo de lectura":"2 minutos"},"schema":{"@context":"https:\/\/schema.org","@graph":[{"@type":"WebPage","@id":"https:\/\/elpinguifermi.com\/es\/quienes-somos\/","url":"https:\/\/elpinguifermi.com\/es\/quienes-somos\/","name":"Cuidadoras personas mayores a domicilio Barcelona - El Ping\u00fc\u00ed Ferm\u00ed","isPartOf":{"@id":"https:\/\/elpinguifermi.com\/#website"},"datePublished":"2015-05-28T07:54:07+00:00","dateModified":"2025-02-03T12:36:06+00:00","description":"Asistencia a domicilio mediante cuidadoras de personas mayores en Barcelona. Mejoramos la calidad de vida de nuestros abuelos.","breadcrumb":{"@id":"https:\/\/elpinguifermi.com\/es\/quienes-somos\/#breadcrumb"},"inLanguage":"es","potentialAction":[{"@type":"ReadAction","target":["https:\/\/elpinguifermi.com\/es\/quienes-somos\/"]}]},{"@type":"BreadcrumbList","@id":"https:\/\/elpinguifermi.com\/es\/quienes-somos\/#breadcrumb","itemListElement":[{"@type":"ListItem","position":1,"name":"Inici","item":"https:\/\/elpinguifermi.com\/es\/"},{"@type":"ListItem","position":2,"name":"QUI\u00c9NES SOMOS"}]},{"@type":"WebSite","@id":"https:\/\/elpinguifermi.com\/#website","url":"https:\/\/elpinguifermi.com\/","name":"El Ping\u00fc\u00ed Ferm\u00ed","description":"Cuidado de personas mayores en Barcelona","publisher":{"@id":"https:\/\/elpinguifermi.com\/#organization"},"potentialAction":[{"@type":"SearchAction","target":{"@type":"EntryPoint","urlTemplate":"https:\/\/elpinguifermi.com\/?s={search_term_string}"},"query-input":{"@type":"PropertyValueSpecification","valueRequired":true,"valueName":"search_term_string"}}],"inLanguage":"es"},{"@type":"Organization","@id":"https:\/\/elpinguifermi.com\/#organization","name":"El Ping\u00fc\u00ed Ferm\u00ed","url":"https:\/\/elpinguifermi.com\/","logo":{"@type":"ImageObject","inLanguage":"es","@id":"https:\/\/elpinguifermi.com\/#\/schema\/logo\/image\/","url":"https:\/\/elpinguifermi.com\/wp-content\/uploads\/2017\/04\/534422_259454884142056_1906262910_n-1.jpg","contentUrl":"https:\/\/elpinguifermi.com\/wp-content\/uploads\/2017\/04\/534422_259454884142056_1906262910_n-1.jpg","width":288,"height":289,"caption":"El Ping\u00fc\u00ed Ferm\u00ed"},"image":{"@id":"https:\/\/elpinguifermi.com\/#\/schema\/logo\/image\/"},"sameAs":["https:\/\/es-es.facebook.com\/elpinguifermi\/","https:\/\/www.instagram.com\/fermielpingui\/","https:\/\/es.linkedin.com\/in\/el-ping\u00fc\u00ed-ferm\u00ed-serveis-s-l-a17a6214a"]}]}},"_links":{"self":[{"href":"https:\/\/elpinguifermi.com\/es\/wp-json\/wp\/v2\/pages\/75068","targetHints":{"allow":["GET"]}}],"collection":[{"href":"https:\/\/elpinguifermi.com\/es\/wp-json\/wp\/v2\/pages"}],"about":[{"href":"https:\/\/elpinguifermi.com\/es\/wp-json\/wp\/v2\/types\/page"}],"author":[{"embeddable":true,"href":"https:\/\/elpinguifermi.com\/es\/wp-json\/wp\/v2\/users\/1"}],"replies":[{"embeddable":true,"href":"https:\/\/elpinguifermi.com\/es\/wp-json\/wp\/v2\/comments?post=75068"}],"version-history":[{"count":5,"href":"https:\/\/elpinguifermi.com\/es\/wp-json\/wp\/v2\/pages\/75068\/revisions"}],"predecessor-version":[{"id":77815,"href":"https:\/\/elpinguifermi.com\/es\/wp-json\/wp\/v2\/pages\/75068\/revisions\/77815"}],"wp:attachment":[{"href":"https:\/\/elpinguifermi.com\/es\/wp-json\/wp\/v2\/media?parent=75068"}],"curies":[{"name":"wp","href":"https:\/\/api.w.org\/{rel}","templated":true}]}}