{"id":74822,"date":"2015-03-02T04:39:13","date_gmt":"2015-03-02T04:39:13","guid":{"rendered":"http:\/\/elpinguifermi.com\/es\/?page_id=74822"},"modified":"2023-12-01T12:53:35","modified_gmt":"2023-12-01T11:53:35","slug":"contacto","status":"publish","type":"page","link":"https:\/\/elpinguifermi.com\/es\/contacto\/","title":{"rendered":"CONTACTO"},"content":{"rendered":"<p>[vc_row][vc_column][vc_empty_space][vc_custom_heading text=\u00bbCONTACTA CON NOSOTROS\u00bb font_container=\u00bbtag:h2|font_size:20|text_align:left\u00bb el_class=\u00bbheading-title-3&#8243;][vc_empty_space height=\u00bb20&#8243;][\/vc_column][\/vc_row][vc_row][vc_column width=\u00bb1\/2&#8243;][vc_column_text]<\/p>\n<p id=\"tw-target-text\" class=\"tw-data-text tw-text-large tw-ta\" dir=\"ltr\" data-placeholder=\"Traducci\u00f3n\"><span class=\"Y2IQFc\" lang=\"es\">Ll\u00e9vate El Ping\u00fc\u00ed Ferm\u00edn siempre contigo, por lo que puedas necesitar, indica aqu\u00ed el tipo de servicio que necesitas y aquellos requisitos que nos puedas avanzar, en breve nos pondremos en contacto contigo.<\/span><\/p>\n<p>[\/vc_column_text][vc_empty_space height=\u00bb50px\u00bb][vc_custom_heading text=\u00bbNUESTROS HORARIOS<br \/>\n\u00bb el_class=\u00bbheading-title-3&#8243;][vc_column_text]<\/p>\n<div class=\"contact-info row\">\n<div class=\"col-md-6\">\n<div>C\/ Bu\u00efgas, 6, 08017<\/div>\n<div>(Les Tres Torres) Barcelona<\/div>\n<div style=\"height: 20px; display: block;\"><\/div>\n<p><i class=\"fa fa-clock-o\"><\/i> Lunes a Jueves de 9:30h a 14h y de 15h a 18h<br \/>\n<i class=\"fa fa-clock-o\"><\/i> Viernes de 9:30h a 14h<\/p>\n<\/div>\n<div class=\"col-md-6\">\n<p><i class=\"fa fa-map-marker\"><\/i>C\/ Vilapicina 67, Bajos, 08031<br \/>\n<span class=\"post-code\">(Nou Barris) Barcelona (con cita previa)<\/span><\/p>\n<\/div>\n<\/div>\n<p>[\/vc_column_text][vc_column_text el_class=\u00bbcertificado\u00bb css=\u00bb.vc_custom_1512045253748{padding-top: 5% !important;}\u00bb]<span style=\"font-size: inherit;\">Registro n\u00ba S08302 del servicio de ayuda a domicilio de la Generalitat de Catalu\u00f1a.[\/vc_column_text][\/vc_column][vc_column width=\u00bb1\/2&#8243;]\n<div class=\"wpcf7 no-js\" id=\"wpcf7-f75005-o1\" lang=\"en-US\" dir=\"ltr\" data-wpcf7-id=\"75005\">\n<div class=\"screen-reader-response\"><p role=\"status\" aria-live=\"polite\" aria-atomic=\"true\"><\/p> <ul><\/ul><\/div>\n<form action=\"\/es\/wp-json\/wp\/v2\/pages\/74822#wpcf7-f75005-o1\" method=\"post\" class=\"wpcf7-form init\" aria-label=\"Contact form\" novalidate=\"novalidate\" data-status=\"init\">\n<fieldset class=\"hidden-fields-container\"><input type=\"hidden\" name=\"_wpcf7\" value=\"75005\" \/><input type=\"hidden\" name=\"_wpcf7_version\" value=\"6.1.5\" \/><input type=\"hidden\" name=\"_wpcf7_locale\" value=\"en_US\" \/><input type=\"hidden\" name=\"_wpcf7_unit_tag\" value=\"wpcf7-f75005-o1\" \/><input type=\"hidden\" name=\"_wpcf7_container_post\" value=\"0\" \/><input type=\"hidden\" name=\"_wpcf7_posted_data_hash\" value=\"\" \/><input type=\"hidden\" name=\"_wpcf7_recaptcha_response\" value=\"\" \/>\n<\/fieldset>\n<div class=\"row\">\n\t<div class=\"col-md-12\">\n\t\t<p><span class=\"wpcf7-form-control-wrap\" data-name=\"your-name\"><input size=\"40\" maxlength=\"400\" class=\"wpcf7-form-control wpcf7-text wpcf7-validates-as-required\" aria-required=\"true\" aria-invalid=\"false\" placeholder=\"Nombre y Apellidos\" value=\"\" type=\"text\" name=\"your-name\" \/><\/span>\n\t\t<\/p>\n\t<\/div>\n\t<div class=\"col-md-12\">\n\t\t<p><span class=\"wpcf7-form-control-wrap\" data-name=\"your-email\"><input size=\"40\" maxlength=\"400\" class=\"wpcf7-form-control wpcf7-email wpcf7-validates-as-required wpcf7-text wpcf7-validates-as-email\" aria-required=\"true\" aria-invalid=\"false\" placeholder=\"E-mail de contacto\" value=\"\" type=\"email\" name=\"your-email\" \/><\/span>\n\t\t<\/p>\n\t<\/div>\n\t<div class=\"col-md-12\">\n\t\t<p><span class=\"wpcf7-form-control-wrap\" data-name=\"your-phone\"><input size=\"40\" maxlength=\"400\" class=\"wpcf7-form-control wpcf7-text wpcf7-validates-as-required\" aria-required=\"true\" aria-invalid=\"false\" placeholder=\"Tel\u00e9fono de contacto\" value=\"\" type=\"text\" name=\"your-phone\" \/><\/span>\n\t\t<\/p>\n\t<\/div>\n\t<div class=\"col-md-12\">\n\t\t<p><span class=\"wpcf7-form-control-wrap\" data-name=\"servei\"><select class=\"wpcf7-form-control wpcf7-select wpcf7-validates-as-required\" aria-required=\"true\" aria-invalid=\"false\" name=\"servei\"><option value=\"Selecciona un servicio*\">Selecciona un servicio*<\/option><option value=\"SERVICIOS DE ATENCI\u00d3N A LA GENTE MAYOR\">SERVICIOS DE ATENCI\u00d3N A LA GENTE MAYOR<\/option><option value=\"SERVICIOS DE LIMPIEZA A PARTICULARES\">SERVICIOS DE LIMPIEZA A PARTICULARES<\/option><option value=\"SERVICIOS DE CANGUROS PARA NI\u00d1OS O BEB\u00c9S\">SERVICIOS DE CANGUROS PARA NI\u00d1OS O BEB\u00c9S<\/option><\/select><\/span>\n\t\t<\/p>\n\t<\/div>\n\t<div class=\"col-md-12\">\n\t\t<p><span class=\"wpcf7-form-control-wrap\" data-name=\"your-message\"><textarea cols=\"40\" rows=\"10\" maxlength=\"2000\" class=\"wpcf7-form-control wpcf7-textarea\" aria-invalid=\"false\" placeholder=\"Mensaje\" name=\"your-message\"><\/textarea><\/span>\n\t\t<\/p>\n\t<\/div>\n\t<div class=\"col-md-12\">\n\t\t<p><span class=\"wpcf7-form-control-wrap\" data-name=\"accept-this\"><span class=\"wpcf7-form-control wpcf7-acceptance\"><span class=\"wpcf7-list-item\"><input type=\"checkbox\" name=\"accept-this\" value=\"1\" aria-invalid=\"false\" \/><\/span><\/span><\/span> He le\u00eddo y estoy de acuerdo con los <a href=\"http:\/\/elpinguifermi.com\/es\/aviso-legal\/\">avisos legales<\/a>.<br \/>\n<input class=\"wpcf7-form-control wpcf7-submit has-spinner\" type=\"submit\" value=\"Enviar\" \/>\n\t\t<\/p>\n\t<\/div>\n<\/div><div class=\"wpcf7-response-output\" aria-hidden=\"true\"><\/div>\n<\/form>\n<\/div>\n[\/vc_column][\/vc_row][vc_row][vc_column][vc_custom_heading text=\u00bbPUEDES LOCALIZARNOS\u00bb font_container=\u00bbtag:h2|font_size:20|text_align:left\u00bb el_class=\u00bbheading-title-3&#8243;][vc_empty_space height=\u00bb29&#8243;][\/vc_column][\/vc_row][vc_row type=\u00bbfull_width\u00bb css=\u00bb.vc_custom_1466412801279{margin-top: 0px !important;margin-right: 0px !important;margin-bottom: -80px !important;margin-left: 0px !important;border-top-width: 0px !important;border-right-width: 0px !important;border-bottom-width: 0px !important;border-left-width: 0px !important;padding-top: 0px !important;padding-right: 0px !important;padding-bottom: 0px !important;padding-left: 0px !important;}\u00bb][vc_column css=\u00bb.vc_custom_1466412416905{margin: 0px !important;border-width: 0px !important;padding: 0px !important;}\u00bb][vc_column_text css_animation=\u00bbbottom-to-top\u00bb]<div id=\"wpgmza_map\" class=\"wpgmza_map\" data-settings='{\"id\":\"1\",\"map_title\":\"Contact\",\"map_width\":\"100\",\"map_height\":\"400\",\"map_start_lat\":\"41.415094\",\"map_start_lng\":\"2.147819\",\"map_start_location\":\"41.41509395917352,2.1478185278808715\",\"map_start_zoom\":\"13\",\"default_marker\":\"0\",\"type\":\"1\",\"alignment\":\"1\",\"directions_enabled\":\"1\",\"styling_enabled\":\"0\",\"styling_json\":\"\",\"active\":\"0\",\"kml\":\"\",\"bicycle\":\"0\",\"traffic\":\"0\",\"dbox\":\"1\",\"dbox_width\":\"250\",\"listmarkers\":\"0\",\"listmarkers_advanced\":\"0\",\"filterbycat\":\"0\",\"ugm_enabled\":\"0\",\"ugm_category_enabled\":\"0\",\"fusion\":\"\",\"map_width_type\":\"\\\\%\",\"map_height_type\":\"px\",\"mass_marker_support\":\"1\",\"ugm_access\":\"0\",\"order_markers_by\":\"1\",\"order_markers_choice\":\"2\",\"show_user_location\":\"0\",\"default_to\":\"\",\"other_settings\":{\"store_locator_enabled\":2,\"store_locator_distance\":2,\"store_locator_bounce\":1,\"store_locator_query_string\":\"ZIP \\\/ Address:\",\"wpgmza_store_locator_restrict\":\"\",\"map_max_zoom\":\"1\",\"transport_layer\":0,\"wpgmza_theme_data\":\"[{\\\\\\\"featureType\\\\\\\":\\\\\\\"administrative\\\\\\\",\\\\\\\"elementType\\\\\\\":\\\\\\\"labels.text.fill\\\\\\\",\\\\\\\"stylers\\\\\\\":[{\\\\\\\"color\\\\\\\":\\\\\\\"#444444\\\\\\\"}]},{\\\\\\\"featureType\\\\\\\":\\\\\\\"landscape\\\\\\\",\\\\\\\"elementType\\\\\\\":\\\\\\\"all\\\\\\\",\\\\\\\"stylers\\\\\\\":[{\\\\\\\"color\\\\\\\":\\\\\\\"#f2f2f2\\\\\\\"}]},{\\\\\\\"featureType\\\\\\\":\\\\\\\"poi\\\\\\\",\\\\\\\"elementType\\\\\\\":\\\\\\\"all\\\\\\\",\\\\\\\"stylers\\\\\\\":[{\\\\\\\"visibility\\\\\\\":\\\\\\\"off\\\\\\\"}]},{\\\\\\\"featureType\\\\\\\":\\\\\\\"road\\\\\\\",\\\\\\\"elementType\\\\\\\":\\\\\\\"all\\\\\\\",\\\\\\\"stylers\\\\\\\":[{\\\\\\\"saturation\\\\\\\":-100},{\\\\\\\"lightness\\\\\\\":45}]},{\\\\\\\"featureType\\\\\\\":\\\\\\\"road.highway\\\\\\\",\\\\\\\"elementType\\\\\\\":\\\\\\\"all\\\\\\\",\\\\\\\"stylers\\\\\\\":[{\\\\\\\"visibility\\\\\\\":\\\\\\\"simplified\\\\\\\"}]},{\\\\\\\"featureType\\\\\\\":\\\\\\\"road.arterial\\\\\\\",\\\\\\\"elementType\\\\\\\":\\\\\\\"labels.icon\\\\\\\",\\\\\\\"stylers\\\\\\\":[{\\\\\\\"visibility\\\\\\\":\\\\\\\"off\\\\\\\"}]},{\\\\\\\"featureType\\\\\\\":\\\\\\\"transit\\\\\\\",\\\\\\\"elementType\\\\\\\":\\\\\\\"all\\\\\\\",\\\\\\\"stylers\\\\\\\":[{\\\\\\\"visibility\\\\\\\":\\\\\\\"off\\\\\\\"}]},{\\\\\\\"featureType\\\\\\\":\\\\\\\"water\\\\\\\",\\\\\\\"elementType\\\\\\\":\\\\\\\"all\\\\\\\",\\\\\\\"stylers\\\\\\\":[{\\\\\\\"color\\\\\\\":\\\\\\\"#feba21\\\\\\\"},{\\\\\\\"visibility\\\\\\\":\\\\\\\"on\\\\\\\"}]}]\"}}' data-map-id='1' Data-maps-engine='open-layers' data-shortcode-attributes='{\"id\":\"1\"}' style=\"display:block; overflow:auto; width:100%; height:400px; float:left;\"><\/div>[\/vc_column_text][\/vc_column][\/vc_row][vc_row][vc_column][vc_column_text]<\/span>[\/vc_column_text][\/vc_column][\/vc_row]<\/p>\n","protected":false},"excerpt":{"rendered":"<p>[vc_row][vc_column][vc_empty_space][vc_custom_heading text=\u00bbCONTACTA CON NOSOTROS\u00bb font_container=\u00bbtag:h2|font_size:20|text_align:left\u00bb el_class=\u00bbheading-title-3&#8243;][vc_empty_space height=\u00bb20&#8243;][\/vc_column][\/vc_row][vc_row][vc_column width=\u00bb1\/2&#8243;][vc_column_text] Ll\u00e9vate El Ping\u00fc\u00ed Ferm\u00edn siempre contigo, por lo que puedas necesitar, indica aqu\u00ed el tipo de servicio que necesitas y aquellos requisitos que nos puedas avanzar, en breve nos pondremos en contacto contigo. [\/vc_column_text][vc_empty_space height=\u00bb50px\u00bb][vc_custom_heading text=\u00bbNUESTROS HORARIOS \u00bb el_class=\u00bbheading-title-3&#8243;][vc_column_text] C\/ Bu\u00efgas, 6, 08017 (Les Tres Torres) Barcelona [&hellip;]<\/p>\n","protected":false},"author":1,"featured_media":0,"parent":0,"menu_order":0,"comment_status":"closed","ping_status":"closed","template":"","meta":{"footnotes":""},"class_list":["post-74822","page","type-page","status-publish","hentry"],"yoast_head":"<!-- This site is optimized with the Yoast SEO plugin v27.4 - https:\/\/yoast.com\/product\/yoast-seo-wordpress\/ -->\n<title>Contacto - El Ping\u00fc\u00ed Ferm\u00ed<\/title>\n<meta name=\"description\" content=\"El Ping\u00fc\u00ed Ferm\u00ed est\u00e1 dispuesto a ayudarte en lo que necesites. Ind\u00edcanos tus necesidades y en breve nos pondremos en contacto contigo.\" \/>\n<meta name=\"robots\" content=\"index, follow, max-snippet:-1, max-image-preview:large, max-video-preview:-1\" \/>\n<link rel=\"canonical\" href=\"https:\/\/elpinguifermi.com\/es\/contacto\/\" \/>\n<meta property=\"og:locale\" content=\"es_ES\" \/>\n<meta property=\"og:type\" content=\"article\" \/>\n<meta property=\"og:title\" content=\"Contacto - El Ping\u00fc\u00ed Ferm\u00ed\" \/>\n<meta property=\"og:description\" content=\"El Ping\u00fc\u00ed Ferm\u00ed est\u00e1 dispuesto a ayudarte en lo que necesites. Ind\u00edcanos tus necesidades y en breve nos pondremos en contacto contigo.\" \/>\n<meta property=\"og:url\" content=\"https:\/\/elpinguifermi.com\/es\/contacto\/\" \/>\n<meta property=\"og:site_name\" content=\"El Ping\u00fc\u00ed Ferm\u00ed\" \/>\n<meta property=\"article:publisher\" content=\"https:\/\/es-es.facebook.com\/elpinguifermi\/\" \/>\n<meta property=\"article:modified_time\" content=\"2023-12-01T11:53:35+00:00\" \/>\n<meta name=\"twitter:card\" content=\"summary_large_image\" \/>\n<meta name=\"twitter:label1\" content=\"Tiempo de lectura\" \/>\n\t<meta name=\"twitter:data1\" content=\"1 minuto\" \/>\n<script type=\"application\/ld+json\" class=\"yoast-schema-graph\">{\"@context\":\"https:\\\/\\\/schema.org\",\"@graph\":[{\"@type\":\"WebPage\",\"@id\":\"https:\\\/\\\/elpinguifermi.com\\\/es\\\/contacto\\\/\",\"url\":\"https:\\\/\\\/elpinguifermi.com\\\/es\\\/contacto\\\/\",\"name\":\"Contacto - El Ping\u00fc\u00ed Ferm\u00ed\",\"isPartOf\":{\"@id\":\"https:\\\/\\\/elpinguifermi.com\\\/#website\"},\"datePublished\":\"2015-03-02T04:39:13+00:00\",\"dateModified\":\"2023-12-01T11:53:35+00:00\",\"description\":\"El Ping\u00fc\u00ed Ferm\u00ed est\u00e1 dispuesto a ayudarte en lo que necesites. Ind\u00edcanos tus necesidades y en breve nos pondremos en contacto contigo.\",\"breadcrumb\":{\"@id\":\"https:\\\/\\\/elpinguifermi.com\\\/es\\\/contacto\\\/#breadcrumb\"},\"inLanguage\":\"es\",\"potentialAction\":[{\"@type\":\"ReadAction\",\"target\":[\"https:\\\/\\\/elpinguifermi.com\\\/es\\\/contacto\\\/\"]}]},{\"@type\":\"BreadcrumbList\",\"@id\":\"https:\\\/\\\/elpinguifermi.com\\\/es\\\/contacto\\\/#breadcrumb\",\"itemListElement\":[{\"@type\":\"ListItem\",\"position\":1,\"name\":\"Inici\",\"item\":\"https:\\\/\\\/elpinguifermi.com\\\/es\\\/\"},{\"@type\":\"ListItem\",\"position\":2,\"name\":\"CONTACTO\"}]},{\"@type\":\"WebSite\",\"@id\":\"https:\\\/\\\/elpinguifermi.com\\\/#website\",\"url\":\"https:\\\/\\\/elpinguifermi.com\\\/\",\"name\":\"El Ping\u00fc\u00ed Ferm\u00ed\",\"description\":\"Cuidado de personas mayores en Barcelona\",\"publisher\":{\"@id\":\"https:\\\/\\\/elpinguifermi.com\\\/#organization\"},\"potentialAction\":[{\"@type\":\"SearchAction\",\"target\":{\"@type\":\"EntryPoint\",\"urlTemplate\":\"https:\\\/\\\/elpinguifermi.com\\\/?s={search_term_string}\"},\"query-input\":{\"@type\":\"PropertyValueSpecification\",\"valueRequired\":true,\"valueName\":\"search_term_string\"}}],\"inLanguage\":\"es\"},{\"@type\":\"Organization\",\"@id\":\"https:\\\/\\\/elpinguifermi.com\\\/#organization\",\"name\":\"El Ping\u00fc\u00ed Ferm\u00ed\",\"url\":\"https:\\\/\\\/elpinguifermi.com\\\/\",\"logo\":{\"@type\":\"ImageObject\",\"inLanguage\":\"es\",\"@id\":\"https:\\\/\\\/elpinguifermi.com\\\/#\\\/schema\\\/logo\\\/image\\\/\",\"url\":\"https:\\\/\\\/elpinguifermi.com\\\/wp-content\\\/uploads\\\/2017\\\/04\\\/534422_259454884142056_1906262910_n-1.jpg\",\"contentUrl\":\"https:\\\/\\\/elpinguifermi.com\\\/wp-content\\\/uploads\\\/2017\\\/04\\\/534422_259454884142056_1906262910_n-1.jpg\",\"width\":288,\"height\":289,\"caption\":\"El Ping\u00fc\u00ed Ferm\u00ed\"},\"image\":{\"@id\":\"https:\\\/\\\/elpinguifermi.com\\\/#\\\/schema\\\/logo\\\/image\\\/\"},\"sameAs\":[\"https:\\\/\\\/es-es.facebook.com\\\/elpinguifermi\\\/\",\"https:\\\/\\\/www.instagram.com\\\/fermielpingui\\\/\",\"https:\\\/\\\/es.linkedin.com\\\/in\\\/el-ping\u00fc\u00ed-ferm\u00ed-serveis-s-l-a17a6214a\"]}]}<\/script>\n<!-- \/ Yoast SEO plugin. -->","yoast_head_json":{"title":"Contacto - El Ping\u00fc\u00ed Ferm\u00ed","description":"El Ping\u00fc\u00ed Ferm\u00ed est\u00e1 dispuesto a ayudarte en lo que necesites. Ind\u00edcanos tus necesidades y en breve nos pondremos en contacto contigo.","robots":{"index":"index","follow":"follow","max-snippet":"max-snippet:-1","max-image-preview":"max-image-preview:large","max-video-preview":"max-video-preview:-1"},"canonical":"https:\/\/elpinguifermi.com\/es\/contacto\/","og_locale":"es_ES","og_type":"article","og_title":"Contacto - El Ping\u00fc\u00ed Ferm\u00ed","og_description":"El Ping\u00fc\u00ed Ferm\u00ed est\u00e1 dispuesto a ayudarte en lo que necesites. Ind\u00edcanos tus necesidades y en breve nos pondremos en contacto contigo.","og_url":"https:\/\/elpinguifermi.com\/es\/contacto\/","og_site_name":"El Ping\u00fc\u00ed Ferm\u00ed","article_publisher":"https:\/\/es-es.facebook.com\/elpinguifermi\/","article_modified_time":"2023-12-01T11:53:35+00:00","twitter_card":"summary_large_image","twitter_misc":{"Tiempo de lectura":"1 minuto"},"schema":{"@context":"https:\/\/schema.org","@graph":[{"@type":"WebPage","@id":"https:\/\/elpinguifermi.com\/es\/contacto\/","url":"https:\/\/elpinguifermi.com\/es\/contacto\/","name":"Contacto - El Ping\u00fc\u00ed Ferm\u00ed","isPartOf":{"@id":"https:\/\/elpinguifermi.com\/#website"},"datePublished":"2015-03-02T04:39:13+00:00","dateModified":"2023-12-01T11:53:35+00:00","description":"El Ping\u00fc\u00ed Ferm\u00ed est\u00e1 dispuesto a ayudarte en lo que necesites. Ind\u00edcanos tus necesidades y en breve nos pondremos en contacto contigo.","breadcrumb":{"@id":"https:\/\/elpinguifermi.com\/es\/contacto\/#breadcrumb"},"inLanguage":"es","potentialAction":[{"@type":"ReadAction","target":["https:\/\/elpinguifermi.com\/es\/contacto\/"]}]},{"@type":"BreadcrumbList","@id":"https:\/\/elpinguifermi.com\/es\/contacto\/#breadcrumb","itemListElement":[{"@type":"ListItem","position":1,"name":"Inici","item":"https:\/\/elpinguifermi.com\/es\/"},{"@type":"ListItem","position":2,"name":"CONTACTO"}]},{"@type":"WebSite","@id":"https:\/\/elpinguifermi.com\/#website","url":"https:\/\/elpinguifermi.com\/","name":"El Ping\u00fc\u00ed Ferm\u00ed","description":"Cuidado de personas mayores en Barcelona","publisher":{"@id":"https:\/\/elpinguifermi.com\/#organization"},"potentialAction":[{"@type":"SearchAction","target":{"@type":"EntryPoint","urlTemplate":"https:\/\/elpinguifermi.com\/?s={search_term_string}"},"query-input":{"@type":"PropertyValueSpecification","valueRequired":true,"valueName":"search_term_string"}}],"inLanguage":"es"},{"@type":"Organization","@id":"https:\/\/elpinguifermi.com\/#organization","name":"El Ping\u00fc\u00ed Ferm\u00ed","url":"https:\/\/elpinguifermi.com\/","logo":{"@type":"ImageObject","inLanguage":"es","@id":"https:\/\/elpinguifermi.com\/#\/schema\/logo\/image\/","url":"https:\/\/elpinguifermi.com\/wp-content\/uploads\/2017\/04\/534422_259454884142056_1906262910_n-1.jpg","contentUrl":"https:\/\/elpinguifermi.com\/wp-content\/uploads\/2017\/04\/534422_259454884142056_1906262910_n-1.jpg","width":288,"height":289,"caption":"El Ping\u00fc\u00ed Ferm\u00ed"},"image":{"@id":"https:\/\/elpinguifermi.com\/#\/schema\/logo\/image\/"},"sameAs":["https:\/\/es-es.facebook.com\/elpinguifermi\/","https:\/\/www.instagram.com\/fermielpingui\/","https:\/\/es.linkedin.com\/in\/el-ping\u00fc\u00ed-ferm\u00ed-serveis-s-l-a17a6214a"]}]}},"_links":{"self":[{"href":"https:\/\/elpinguifermi.com\/es\/wp-json\/wp\/v2\/pages\/74822","targetHints":{"allow":["GET"]}}],"collection":[{"href":"https:\/\/elpinguifermi.com\/es\/wp-json\/wp\/v2\/pages"}],"about":[{"href":"https:\/\/elpinguifermi.com\/es\/wp-json\/wp\/v2\/types\/page"}],"author":[{"embeddable":true,"href":"https:\/\/elpinguifermi.com\/es\/wp-json\/wp\/v2\/users\/1"}],"replies":[{"embeddable":true,"href":"https:\/\/elpinguifermi.com\/es\/wp-json\/wp\/v2\/comments?post=74822"}],"version-history":[{"count":1,"href":"https:\/\/elpinguifermi.com\/es\/wp-json\/wp\/v2\/pages\/74822\/revisions"}],"predecessor-version":[{"id":76590,"href":"https:\/\/elpinguifermi.com\/es\/wp-json\/wp\/v2\/pages\/74822\/revisions\/76590"}],"wp:attachment":[{"href":"https:\/\/elpinguifermi.com\/es\/wp-json\/wp\/v2\/media?parent=74822"}],"curies":[{"name":"wp","href":"https:\/\/api.w.org\/{rel}","templated":true}]}}